{"id":993,"date":"2020-02-05T11:08:27","date_gmt":"2020-02-05T11:08:27","guid":{"rendered":"https:\/\/www.serramarbenalmadena.com\/nos-chambres\/"},"modified":"2021-07-02T09:32:36","modified_gmt":"2021-07-02T09:32:36","slug":"nos-chambres","status":"publish","type":"page","link":"https:\/\/www.serramarbenalmadena.com\/fr\/nos-chambres\/","title":{"rendered":"Nos chambres"},"content":{"rendered":"<p>[vc_row css_animation=\u00a0\u00bb\u00a0\u00bb row_type=\u00a0\u00bbrow\u00a0\u00bb use_row_as_full_screen_section=\u00a0\u00bbno\u00a0\u00bb type=\u00a0\u00bbgrid\u00a0\u00bb angled_section=\u00a0\u00bbno\u00a0\u00bb text_align=\u00a0\u00bbcenter\u00a0\u00bb background_image_as_pattern=\u00a0\u00bbwithout_pattern\u00a0\u00bb z_index=\u00a0\u00bb\u00a0\u00bb css=\u00a0\u00bb.vc_custom_1530011663202{padding-top: 5% !important;padding-bottom: 2% !important;}\u00a0\u00bb][vc_column][vc_column_text]<\/p>\n<h2 style=\"text-align: center;\"><span style=\"color: #0b90bb;\">V\u00e9rifier la disponibilit\u00e9 et les prix<\/span><\/h2>\n<p>[\/vc_column_text][\/vc_column][\/vc_row][vc_row css_animation=\u00a0\u00bb\u00a0\u00bb row_type=\u00a0\u00bbrow\u00a0\u00bb use_row_as_full_screen_section=\u00a0\u00bbno\u00a0\u00bb type=\u00a0\u00bbgrid\u00a0\u00bb angled_section=\u00a0\u00bbno\u00a0\u00bb text_align=\u00a0\u00bbcenter\u00a0\u00bb background_image_as_pattern=\u00a0\u00bbwithout_pattern\u00a0\u00bb z_index=\u00a0\u00bb\u00a0\u00bb css=\u00a0\u00bb.vc_custom_1530011844247{padding-bottom: 150px !important;}\u00a0\u00bb][vc_column][vc_raw_html]JTNDJTIxLS0lMjAlMEElMjAlMjAlMjAlMjBXdUJvb2slMjBKYXZhc2NyaXB0JTIwTGlicmFyeSUwQSUyMCUyMCUyMCUyMEV2ZW50dWFsbHklMkMlMjBwdXQlMjBpdCUyMGluc2lkZSUwQSUyMCUyMCUyMCUyMHlvdXIlMjAlM0NoZWFkJTJGJTNFJTIwdGFnJTBBLS0lM0UlMEElM0NzY3JpcHQlMjBzcmMlM0QlMjJodHRwcyUzQSUyRiUyRnd1Ym9vay5uZXQlMkZqcyUyRndibGliLmpneiUyMiUzRSUzQyUyRnNjcmlwdCUzRSUwQSUzQyUyMS0tJTIwJTBBJTIwJTIwJTIwJTIwJTIwcHV0JTIwdGhlJTIwZm9sbG93aW5nJTIwZGl2JTIwd2hlcmUlMjBXdUJvb2slMjAlMEElMjAlMjAlMjAlMjAlMjBzaG91bGQlMjBiZSUyMGRlc2lnbmVkLiUyME1ha2UlMjBzdXJlJTIwdG8lMEElMjAlMjAlMjAlMjAlMjBwcmVzZXJ2ZSUyMHRoZSUyMGRpdiUyMGNvbnRlbnRzJTIwJTI4YmFja2xpbmslMjklMEEtLSUzRSUwQSUzQ2RpdiUyMGlkJTNEJTIyX3dib3JkXyUyMiUzRSUwQSUyMCUyMCUzQ2ElMjBocmVmJTNEJTIyaHR0cCUzQSUyRiUyRmVzLnd1Ym9vay5uZXQlMkZzZXJ2aWNlcyUyRmJvb2tpbmctZW5naW5lJTJGJTIyJTIwc3R5bGUlM0QlMjJkaXNwbGF5JTNBJTIwYmxvY2slM0IlMjBtYXJnaW4tdG9wJTNBJTIwNXB4JTNCJTIwdGV4dC1kZWNvcmF0aW9uJTNBbm9uZSUzQmJvcmRlciUzQW5vbmUlMjIlMjB0YXJnZXQlM0QlMjJfYmxhbmslMjIlM0UlMEElMjAlMjAlMjAlMjAlM0NpbWclMjBzcmMlM0QlMjJodHRwcyUzQSUyRiUyRnd1Ym9vay5uZXQlMkZpbWdzJTJGZGVmYXVsdCUyRmJvb2tpbmdfYnlfd3UuZ2lmJTIyJTIwYWx0JTNEJTIyTW90b3IlMjBkZSUyMFJlc2VydmFzJTJDJTIwQ2hhbm5lbCUyME1hbmFnZXIlMjB5JTIwUE1TJTIwV3Vib29rJTIyJTIwdGl0bGUlM0QlMjJTb2x1Y2lvbmVzJTIwZGUlMjBnZXN0aSVDMyVCM24lMjBob3RlbGVyYSUyMiUyMHN0eWxlJTNEJTIyYm9yZGVyJTNBbm9uZSUzQnRleHQtZGVjb3JhdGlvbiUzQW5vbmUlMjIlMjAlMkYlM0UlMEElMjAlMjAlM0MlMkZhJTNFJTBBJTNDJTJGZGl2JTNFJTBBJTNDJTIxLS0lMjAlMEElMjAlMjAlMjAlMjAlMjBJbml0aWFsaXplJTIwdGhlJTIwV3VCb29rJTIwT2JqZWN0LiUwQSUyMCUyMCUyMCUyMCUyMENvbGxlY3QlMjBwYXJhbXMlMjBzZXR0aW5ncy4lMEElMjAlMjAlMjAlMjAlMjBDYWxsJTIwV3VCb29rLmRlc2lnbl9yd2lkZ2V0JTI4JTI5LiUwQSUwQSUyMCUyMCUyMCUyMCUyME5vdGljZSUyMFd1Qm9vayUyME9iamVjdCUyMHByb3ZpZGVzJTIwYSUwQSUyMCUyMCUyMCUyMCUyMGxvdCUyMG9mJTIwaW50ZXJlc3RpbmclMjBmZWF0dXJlcy4lMEEtLSUzRSUwQSUzQ3NjcmlwdCUzRSUwQSUyMCUyMHZhciUyMFd1Qm9vayUzRCUyMG5ldyUyMF9XdUJvb2slMjgxNTE4NjA2NTEzJTI5JTNCJTBBJTIwJTIwdmFyJTIwd2JwYXJhbXMlM0QlMjAlN0IlMEElMjAlMjAlMjAlMjBib3JkZXJjb2xvciUzQSUyMCUyNyUyMzBiOTBiYiUyNyUyQyUwQSUyMCUyMCUyMCUyMGxhbmclM0ElMjAlMjclMjclMkMlMEElMjAlMjAlMjAlMjBidXR0b25jb2xvciUzQSUyMCUyNyUyMzBjZDE3ZiUyNyUyQyUwQSUyMCUyMCUyMCUyMGZhaWxiYWNrX2xhbmclM0ElMjAlMjdlbiUyNyUyQyUwQSUyMCUyMCUyMCUyMHdiZ29vZ2xlJTNBJTIwMSUyQyUwQSUyMCUyMCUyMCUyMGJnY29sb3IlM0ElMjAlMjclMjNmZmZmZmYlMjclMkMlMEFvcGVuUGFyYW1zJTNBJTIwJTI3aHR0cHMlM0ElMkYlMkZ3d3cuc2VycmFtYXJiZW5hbG1hZGVuYS5jb20lMkZmciUyRnJlc2VydmUlMkYlMjclMkMlMEElMjAlMjAlMjAlMjBkY29kZXZhbCUzQSUyMCUyNyUyNyUyQyUwQSUyMCUyMCUyMCUyMGljb25jb2xvciUzQSUyMCUyNyUyMzg4ODg4OCUyNyUyQyUwQSUyMCUyMCUyMCUyMHRleHRjb2xvciUzQSUyMCUyNyUyMzJjMmMyYyUyNyUyQyUwQSUyMCUyMCUyMCUyMGRlZmF1bHRfbmlnaHRzJTNBJTIwMjQlMEElMjAlMjAlN0QlM0IlMEElMjAlMjBXdUJvb2suZGVzaWduX3J3aWRnZXQlMjglMjJfd2JvcmRfJTIyJTJDJTIwd2JwYXJhbXMlMjklM0IlMEElM0MlMkZzY3JpcHQlM0UlMEElM0MlMjEtLSUyMCUwQSUyMCUyMCUyMCUyMHRoYXQlMjdzJTIwYWxsJTIwJTNBJTI5JTBBJTIwJTIwJTIwJTIwVGhhbmslMjB5b3UlMjBmb3IlMjB1c2luZyUyMFd1Qm9vayUyMSUwQS0tJTNFJTBB[\/vc_raw_html][\/vc_column][\/vc_row][vc_row css_animation=\u00a0\u00bb\u00a0\u00bb row_type=\u00a0\u00bbrow\u00a0\u00bb use_row_as_full_screen_section=\u00a0\u00bbno\u00a0\u00bb type=\u00a0\u00bbgrid\u00a0\u00bb angled_section=\u00a0\u00bbno\u00a0\u00bb text_align=\u00a0\u00bbcenter\u00a0\u00bb background_image_as_pattern=\u00a0\u00bbwithout_pattern\u00a0\u00bb z_index=\u00a0\u00bb\u00a0\u00bb][vc_column][qode_elements_holder number_of_columns=\u00a0\u00bbtwo_columns\u00a0\u00bb][qode_elements_holder_item advanced_animations=\u00a0\u00bbno\u00a0\u00bb background_image=\u00a0\u00bb235&Prime; item_padding_600_768=\u00a0\u00bb475px 0px 0px\u00a0\u00bb item_padding_480_600=\u00a0\u00bb300px 0px 0px\u00a0\u00bb item_padding_480=\u00a0\u00bb300px 0px 0px\u00a0\u00bb][\/qode_elements_holder_item][qode_elements_holder_item horizontal_alignment=\u00a0\u00bbleft\u00a0\u00bb advanced_animations=\u00a0\u00bbno\u00a0\u00bb background_color=\u00a0\u00bb#ffffff\u00a0\u00bb item_padding=\u00a0\u00bb14% 15%\u00a0\u00bb custom_class=\u00a0\u00bbeh-shadow\u00a0\u00bb][vc_column_text]<\/p>\n<h2>Chambres avec salle de bain priv\u00e9e<\/h2>\n<p>[\/vc_column_text][vc_empty_space][vc_column_text]Notre chambre avec salle de bain priv\u00e9e peut \u00eatre simple, double, triple et quadruple. Le double peut \u00eatre avec un lit double ou deux lits simples. Tous sont \u00e9quip\u00e9s de la climatisation, d&rsquo;une t\u00e9l\u00e9vision et d&rsquo;un coffre-fort.[\/vc_column_text][vc_empty_space][vc_column_text]<a class=\"qbutton default white btn-serramar\" href=\"\/fr\/nos-chambres\/chambres-avec-salle-de-bain-privee\/\">D\u00e9couvrez plus<\/a> <a class=\"qbutton default btn-serramar\" href=\"\/fr\/reserve\/\" target=\"_blank\" rel=\"noopener noreferrer\">R\u00e9servez en ligne<\/a>[\/vc_column_text][\/qode_elements_holder_item][\/qode_elements_holder][\/vc_column][\/vc_row][vc_row css_animation=\u00a0\u00bb\u00a0\u00bb row_type=\u00a0\u00bbrow\u00a0\u00bb use_row_as_full_screen_section=\u00a0\u00bbno\u00a0\u00bb type=\u00a0\u00bbgrid\u00a0\u00bb angled_section=\u00a0\u00bbno\u00a0\u00bb text_align=\u00a0\u00bbcenter\u00a0\u00bb background_image_as_pattern=\u00a0\u00bbwithout_pattern\u00a0\u00bb z_index=\u00a0\u00bb\u00a0\u00bb el_class=\u00a0\u00bbcustom_reverse_order\u00a0\u00bb][vc_column][qode_elements_holder number_of_columns=\u00a0\u00bbtwo_columns\u00a0\u00bb][qode_elements_holder_item horizontal_alignment=\u00a0\u00bbleft\u00a0\u00bb advanced_animations=\u00a0\u00bbno\u00a0\u00bb background_color=\u00a0\u00bb#ffffff\u00a0\u00bb item_padding=\u00a0\u00bb14% 15%\u00a0\u00bb][vc_column_text]<\/p>\n<h2>Chambres avec salle de bain partag\u00e9e<\/h2>\n<p>[\/vc_column_text][vc_empty_space][vc_column_text]Notre chambre avec salle de bain partag\u00e9e peut \u00eatre simple, double, triple et quadruple. Le double peut \u00eatre avec un lit double ou deux lits simples. Tous sont \u00e9quip\u00e9s de la climatisation et d&rsquo;une t\u00e9l\u00e9vision.[\/vc_column_text][vc_empty_space][vc_column_text]<a class=\"qbutton default white btn-serramar\" href=\"\/fr\/nos-chambres\/chambres-avec-salle-de-bain-partagee\/\">D\u00e9couvrez plus<\/a> <a class=\"qbutton default btn-serramar\" href=\"\/fr\/reserve\/\" target=\"_blank\" rel=\"noopener noreferrer\">R\u00e9servez en ligne<\/a>[\/vc_column_text][\/qode_elements_holder_item][qode_elements_holder_item horizontal_alignment=\u00a0\u00bbleft\u00a0\u00bb advanced_animations=\u00a0\u00bbno\u00a0\u00bb background_image=\u00a0\u00bb234&Prime; item_padding_600_768=\u00a0\u00bb475px 0px 0px\u00a0\u00bb item_padding_480_600=\u00a0\u00bb300px 0px 0px\u00a0\u00bb item_padding_480=\u00a0\u00bb300px 0px 0px\u00a0\u00bb custom_class=\u00a0\u00bbeh-shadow\u00a0\u00bb][\/qode_elements_holder_item][\/qode_elements_holder][\/vc_column][\/vc_row][vc_row css_animation=\u00a0\u00bb\u00a0\u00bb row_type=\u00a0\u00bbrow\u00a0\u00bb use_row_as_full_screen_section=\u00a0\u00bbno\u00a0\u00bb type=\u00a0\u00bbgrid\u00a0\u00bb angled_section=\u00a0\u00bbno\u00a0\u00bb text_align=\u00a0\u00bbcenter\u00a0\u00bb background_image_as_pattern=\u00a0\u00bbwithout_pattern\u00a0\u00bb z_index=\u00a0\u00bb\u00a0\u00bb][vc_column offset=\u00a0\u00bbvc_hidden-lg vc_hidden-md vc_hidden-sm vc_hidden-xs\u00a0\u00bb][qode_elements_holder number_of_columns=\u00a0\u00bbtwo_columns\u00a0\u00bb][qode_elements_holder_item cover=\u00a0\u00bbyes\u00a0\u00bb advanced_animations=\u00a0\u00bbno\u00a0\u00bb background_image=\u00a0\u00bb236&Prime; item_padding_600_768=\u00a0\u00bb475px 0px 0px\u00a0\u00bb item_padding_480_600=\u00a0\u00bb300px 0px 0px\u00a0\u00bb item_padding_480=\u00a0\u00bb300px 0px 0px\u00a0\u00bb][\/qode_elements_holder_item][qode_elements_holder_item horizontal_alignment=\u00a0\u00bbleft\u00a0\u00bb advanced_animations=\u00a0\u00bbno\u00a0\u00bb background_color=\u00a0\u00bb#ffffff\u00a0\u00bb item_padding=\u00a0\u00bb14% 15%\u00a0\u00bb custom_class=\u00a0\u00bbeh-shadow\u00a0\u00bb][vc_column_text]<\/p>\n<h2>Chambres \u00e9conomiques avec salle de bain partag\u00e9eo<\/h2>\n<p>[\/vc_column_text][vc_empty_space][vc_column_text]Nos chambres \u00e9conomiques avec salle de bain partag\u00e9e peuvent \u00eatre simples ou doubles. Les doubles ont l&rsquo;air conditionn\u00e9.[\/vc_column_text][vc_empty_space][vc_column_text]<a class=\"qbutton default white btn-serramar\" href=\"\/fr\/nos-chambres\/chambres-economiques-avec-salle-de-bain-partagee\/\">D\u00e9couvrez plus<\/a> <a class=\"qbutton default btn-serramar\" href=\"\/fr\/reserve\/\" target=\"_blank\" rel=\"noopener noreferrer\">R\u00e9servez en ligne<\/a>[\/vc_column_text][\/qode_elements_holder_item][\/qode_elements_holder][\/vc_column][\/vc_row][vc_row css_animation=\u00a0\u00bb\u00a0\u00bb row_type=\u00a0\u00bbrow\u00a0\u00bb use_row_as_full_screen_section=\u00a0\u00bbno\u00a0\u00bb type=\u00a0\u00bbfull_width\u00a0\u00bb angled_section=\u00a0\u00bbno\u00a0\u00bb text_align=\u00a0\u00bbleft\u00a0\u00bb background_image_as_pattern=\u00a0\u00bbwithout_pattern\u00a0\u00bb css=\u00a0\u00bb.vc_custom_1529923566284{padding-top: 5% !important;padding-bottom: 5% !important;}\u00a0\u00bb z_index=\u00a0\u00bb\u00a0\u00bb][vc_column][\/vc_column][\/vc_row][vc_row css_animation=\u00a0\u00bb\u00a0\u00bb row_type=\u00a0\u00bbrow\u00a0\u00bb use_row_as_full_screen_section=\u00a0\u00bbno\u00a0\u00bb type=\u00a0\u00bbfull_width\u00a0\u00bb angled_section=\u00a0\u00bbno\u00a0\u00bb text_align=\u00a0\u00bbleft\u00a0\u00bb background_image_as_pattern=\u00a0\u00bbwithout_pattern\u00a0\u00bb background_color=\u00a0\u00bb#0b90bb\u00a0\u00bb z_index=\u00a0\u00bb\u00a0\u00bb][vc_column]<div class=\"container_inner\"><div class=\"call_to_action normal\" style=\"\"><div class=\"two_columns_75_25 clearfix\"><div class=\"text_wrapper column1\"><div class=\"call_to_action_text \" style=\"\">\n<h4><strong><span style=\"color: #ffffff;\">NOUS CONTACTER ET CONNA\u00ceTRE LES MEILLEURES OFFRES<\/span><\/strong><\/h4>\n<\/div><\/div><div class=\"button_wrapper column2\"><a itemprop=\"url\" href=\"https:\/\/www.serramarbenalmadena.com\/fr\/contactez-nous\/\" class=\"qbutton white \" target=\"\" style=\"\">Contactez-nous<\/a><\/div><\/div><\/div><\/div>[\/vc_column][\/vc_row]<\/p>\n","protected":false},"excerpt":{"rendered":"<p>[vc_row css_animation=\u00a0\u00bb\u00a0\u00bb row_type=\u00a0\u00bbrow\u00a0\u00bb use_row_as_full_screen_section=\u00a0\u00bbno\u00a0\u00bb type=\u00a0\u00bbgrid\u00a0\u00bb angled_section=\u00a0\u00bbno\u00a0\u00bb text_align=\u00a0\u00bbcenter\u00a0\u00bb background_image_as_pattern=\u00a0\u00bbwithout_pattern\u00a0\u00bb z_index=\u00a0\u00bb\u00a0\u00bb css=\u00a0\u00bb.vc_custom_1530011663202{padding-top: 5% !important;padding-bottom: 2% !important;}\u00a0\u00bb][vc_column][vc_column_text] V\u00e9rifier la disponibilit\u00e9 et les prix [\/vc_column_text][\/vc_column][\/vc_row][vc_row css_animation=\u00a0\u00bb\u00a0\u00bb row_type=\u00a0\u00bbrow\u00a0\u00bb use_row_as_full_screen_section=\u00a0\u00bbno\u00a0\u00bb type=\u00a0\u00bbgrid\u00a0\u00bb angled_section=\u00a0\u00bbno\u00a0\u00bb text_align=\u00a0\u00bbcenter\u00a0\u00bb background_image_as_pattern=\u00a0\u00bbwithout_pattern\u00a0\u00bb z_index=\u00a0\u00bb\u00a0\u00bb css=\u00a0\u00bb.vc_custom_1530011844247{padding-bottom: 150px !important;}\u00a0\u00bb][vc_column][vc_raw_html]JTNDJTIxLS0lMjAlMEElMjAlMjAlMjAlMjBXdUJvb2slMjBKYXZhc2NyaXB0JTIwTGlicmFyeSUwQSUyMCUyMCUyMCUyMEV2ZW50dWFsbHklMkMlMjBwdXQlMjBpdCUyMGluc2lkZSUwQSUyMCUyMCUyMCUyMHlvdXIlMjAlM0NoZWFkJTJGJTNFJTIwdGFnJTBBLS0lM0UlMEElM0NzY3JpcHQlMjBzcmMlM0QlMjJodHRwcyUzQSUyRiUyRnd1Ym9vay5uZXQlMkZqcyUyRndibGliLmpneiUyMiUzRSUzQyUyRnNjcmlwdCUzRSUwQSUzQyUyMS0tJTIwJTBBJTIwJTIwJTIwJTIwJTIwcHV0JTIwdGhlJTIwZm9sbG93aW5nJTIwZGl2JTIwd2hlcmUlMjBXdUJvb2slMjAlMEElMjAlMjAlMjAlMjAlMjBzaG91bGQlMjBiZSUyMGRlc2lnbmVkLiUyME1ha2UlMjBzdXJlJTIwdG8lMEElMjAlMjAlMjAlMjAlMjBwcmVzZXJ2ZSUyMHRoZSUyMGRpdiUyMGNvbnRlbnRzJTIwJTI4YmFja2xpbmslMjklMEEtLSUzRSUwQSUzQ2RpdiUyMGlkJTNEJTIyX3dib3JkXyUyMiUzRSUwQSUyMCUyMCUzQ2ElMjBocmVmJTNEJTIyaHR0cCUzQSUyRiUyRmVzLnd1Ym9vay5uZXQlMkZzZXJ2aWNlcyUyRmJvb2tpbmctZW5naW5lJTJGJTIyJTIwc3R5bGUlM0QlMjJkaXNwbGF5JTNBJTIwYmxvY2slM0IlMjBtYXJnaW4tdG9wJTNBJTIwNXB4JTNCJTIwdGV4dC1kZWNvcmF0aW9uJTNBbm9uZSUzQmJvcmRlciUzQW5vbmUlMjIlMjB0YXJnZXQlM0QlMjJfYmxhbmslMjIlM0UlMEElMjAlMjAlMjAlMjAlM0NpbWclMjBzcmMlM0QlMjJodHRwcyUzQSUyRiUyRnd1Ym9vay5uZXQlMkZpbWdzJTJGZGVmYXVsdCUyRmJvb2tpbmdfYnlfd3UuZ2lmJTIyJTIwYWx0JTNEJTIyTW90b3IlMjBkZSUyMFJlc2VydmFzJTJDJTIwQ2hhbm5lbCUyME1hbmFnZXIlMjB5JTIwUE1TJTIwV3Vib29rJTIyJTIwdGl0bGUlM0QlMjJTb2x1Y2lvbmVzJTIwZGUlMjBnZXN0aSVDMyVCM24lMjBob3RlbGVyYSUyMiUyMHN0eWxlJTNEJTIyYm9yZGVyJTNBbm9uZSUzQnRleHQtZGVjb3JhdGlvbiUzQW5vbmUlMjIlMjAlMkYlM0UlMEElMjAlMjAlM0MlMkZhJTNFJTBBJTNDJTJGZGl2JTNFJTBBJTNDJTIxLS0lMjAlMEElMjAlMjAlMjAlMjAlMjBJbml0aWFsaXplJTIwdGhlJTIwV3VCb29rJTIwT2JqZWN0LiUwQSUyMCUyMCUyMCUyMCUyMENvbGxlY3QlMjBwYXJhbXMlMjBzZXR0aW5ncy4lMEElMjAlMjAlMjAlMjAlMjBDYWxsJTIwV3VCb29rLmRlc2lnbl9yd2lkZ2V0JTI4JTI5LiUwQSUwQSUyMCUyMCUyMCUyMCUyME5vdGljZSUyMFd1Qm9vayUyME9iamVjdCUyMHByb3ZpZGVzJTIwYSUwQSUyMCUyMCUyMCUyMCUyMGxvdCUyMG9mJTIwaW50ZXJlc3RpbmclMjBmZWF0dXJlcy4lMEEtLSUzRSUwQSUzQ3NjcmlwdCUzRSUwQSUyMCUyMHZhciUyMFd1Qm9vayUzRCUyMG5ldyUyMF9XdUJvb2slMjgxNTE4NjA2NTEzJTI5JTNCJTBBJTIwJTIwdmFyJTIwd2JwYXJhbXMlM0QlMjAlN0IlMEElMjAlMjAlMjAlMjBib3JkZXJjb2xvciUzQSUyMCUyNyUyMzBiOTBiYiUyNyUyQyUwQSUyMCUyMCUyMCUyMGxhbmclM0ElMjAlMjclMjclMkMlMEElMjAlMjAlMjAlMjBidXR0b25jb2xvciUzQSUyMCUyNyUyMzBjZDE3ZiUyNyUyQyUwQSUyMCUyMCUyMCUyMGZhaWxiYWNrX2xhbmclM0ElMjAlMjdlbiUyNyUyQyUwQSUyMCUyMCUyMCUyMHdiZ29vZ2xlJTNBJTIwMSUyQyUwQSUyMCUyMCUyMCUyMGJnY29sb3IlM0ElMjAlMjclMjNmZmZmZmYlMjclMkMlMEFvcGVuUGFyYW1zJTNBJTIwJTI3aHR0cHMlM0ElMkYlMkZ3d3cuc2VycmFtYXJiZW5hbG1hZGVuYS5jb20lMkZmciUyRnJlc2VydmUlMkYlMjclMkMlMEElMjAlMjAlMjAlMjBkY29kZXZhbCUzQSUyMCUyNyUyNyUyQyUwQSUyMCUyMCUyMCUyMGljb25jb2xvciUzQSUyMCUyNyUyMzg4ODg4OCUyNyUyQyUwQSUyMCUyMCUyMCUyMHRleHRjb2xvciUzQSUyMCUyNyUyMzJjMmMyYyUyNyUyQyUwQSUyMCUyMCUyMCUyMGRlZmF1bHRfbmlnaHRzJTNBJTIwMjQlMEElMjAlMjAlN0QlM0IlMEElMjAlMjBXdUJvb2suZGVzaWduX3J3aWRnZXQlMjglMjJfd2JvcmRfJTIyJTJDJTIwd2JwYXJhbXMlMjklM0IlMEElM0MlMkZzY3JpcHQlM0UlMEElM0MlMjEtLSUyMCUwQSUyMCUyMCUyMCUyMHRoYXQlMjdzJTIwYWxsJTIwJTNBJTI5JTBBJTIwJTIwJTIwJTIwVGhhbmslMjB5b3UlMjBmb3IlMjB1c2luZyUyMFd1Qm9vayUyMSUwQS0tJTNFJTBB[\/vc_raw_html][\/vc_column][\/vc_row][vc_row css_animation=\u00a0\u00bb\u00a0\u00bb row_type=\u00a0\u00bbrow\u00a0\u00bb use_row_as_full_screen_section=\u00a0\u00bbno\u00a0\u00bb type=\u00a0\u00bbgrid\u00a0\u00bb angled_section=\u00a0\u00bbno\u00a0\u00bb text_align=\u00a0\u00bbcenter\u00a0\u00bb background_image_as_pattern=\u00a0\u00bbwithout_pattern\u00a0\u00bb z_index=\u00a0\u00bb\u00a0\u00bb][vc_column][qode_elements_holder number_of_columns=\u00a0\u00bbtwo_columns\u00a0\u00bb][qode_elements_holder_item advanced_animations=\u00a0\u00bbno\u00a0\u00bb background_image=\u00a0\u00bb235&Prime; item_padding_600_768=\u00a0\u00bb475px 0px&#8230;<\/p>\n","protected":false},"author":6,"featured_media":908,"parent":0,"menu_order":0,"comment_status":"closed","ping_status":"closed","template":"full_width.php","meta":{"footnotes":""},"class_list":["post-993","page","type-page","status-publish","has-post-thumbnail","hentry"],"yoast_head":"<!-- This site is optimized with the Yoast SEO plugin v22.8 - https:\/\/yoast.com\/wordpress\/plugins\/seo\/ -->\n<title>Chambres | Serramar Benalm\u00e1dena Guesthouse | Site officiel<\/title>\n<meta name=\"description\" content=\"La meilleure pension \u00e0 Benalm\u00e1dena, Serramar. Chambres simples, doubles, triples et quadruples avec salle de bain priv\u00e9e ou partag\u00e9e. R\u00e9servation directe en ligne.\" \/>\n<meta name=\"robots\" content=\"index, follow, max-snippet:-1, max-image-preview:large, max-video-preview:-1\" \/>\n<link rel=\"canonical\" href=\"https:\/\/www.serramarbenalmadena.com\/fr\/nos-chambres\/\" \/>\n<meta property=\"og:locale\" content=\"fr_FR\" \/>\n<meta property=\"og:type\" content=\"article\" \/>\n<meta property=\"og:title\" content=\"Chambres | Serramar Benalm\u00e1dena Guesthouse | Site officiel\" \/>\n<meta property=\"og:description\" content=\"La meilleure pension \u00e0 Benalm\u00e1dena, Serramar. Chambres simples, doubles, triples et quadruples avec salle de bain priv\u00e9e ou partag\u00e9e. R\u00e9servation directe en ligne.\" \/>\n<meta property=\"og:url\" content=\"https:\/\/www.serramarbenalmadena.com\/fr\/nos-chambres\/\" \/>\n<meta property=\"og:site_name\" content=\"Serramar Benalmadena\" \/>\n<meta property=\"article:modified_time\" content=\"2021-07-02T09:32:36+00:00\" \/>\n<meta property=\"og:image\" content=\"https:\/\/www.serramarbenalmadena.com\/wp-content\/uploads\/habitacion-economica-bano-compartido-serramar-benalmadena.jpg\" \/>\n\t<meta property=\"og:image:width\" content=\"800\" \/>\n\t<meta property=\"og:image:height\" content=\"635\" \/>\n\t<meta property=\"og:image:type\" content=\"image\/jpeg\" \/>\n<meta name=\"twitter:card\" content=\"summary_large_image\" \/>\n<meta name=\"twitter:label1\" content=\"Dur\u00e9e de lecture estim\u00e9e\" \/>\n\t<meta name=\"twitter:data1\" content=\"5 minutes\" \/>\n<script type=\"application\/ld+json\" class=\"yoast-schema-graph\">{\"@context\":\"https:\/\/schema.org\",\"@graph\":[{\"@type\":\"WebPage\",\"@id\":\"https:\/\/www.serramarbenalmadena.com\/fr\/nos-chambres\/\",\"url\":\"https:\/\/www.serramarbenalmadena.com\/fr\/nos-chambres\/\",\"name\":\"Chambres | Serramar Benalm\u00e1dena Guesthouse | Site officiel\",\"isPartOf\":{\"@id\":\"https:\/\/www.serramarbenalmadena.com\/fr\/#website\"},\"primaryImageOfPage\":{\"@id\":\"https:\/\/www.serramarbenalmadena.com\/fr\/nos-chambres\/#primaryimage\"},\"image\":{\"@id\":\"https:\/\/www.serramarbenalmadena.com\/fr\/nos-chambres\/#primaryimage\"},\"thumbnailUrl\":\"https:\/\/www.serramarbenalmadena.com\/wp-content\/uploads\/habitacion-economica-bano-compartido-serramar-benalmadena.jpg\",\"datePublished\":\"2020-02-05T11:08:27+00:00\",\"dateModified\":\"2021-07-02T09:32:36+00:00\",\"description\":\"La meilleure pension \u00e0 Benalm\u00e1dena, Serramar. Chambres simples, doubles, triples et quadruples avec salle de bain priv\u00e9e ou partag\u00e9e. R\u00e9servation directe en ligne.\",\"breadcrumb\":{\"@id\":\"https:\/\/www.serramarbenalmadena.com\/fr\/nos-chambres\/#breadcrumb\"},\"inLanguage\":\"fr-FR\",\"potentialAction\":[{\"@type\":\"ReadAction\",\"target\":[\"https:\/\/www.serramarbenalmadena.com\/fr\/nos-chambres\/\"]}]},{\"@type\":\"ImageObject\",\"inLanguage\":\"fr-FR\",\"@id\":\"https:\/\/www.serramarbenalmadena.com\/fr\/nos-chambres\/#primaryimage\",\"url\":\"https:\/\/www.serramarbenalmadena.com\/wp-content\/uploads\/habitacion-economica-bano-compartido-serramar-benalmadena.jpg\",\"contentUrl\":\"https:\/\/www.serramarbenalmadena.com\/wp-content\/uploads\/habitacion-economica-bano-compartido-serramar-benalmadena.jpg\",\"width\":800,\"height\":635},{\"@type\":\"BreadcrumbList\",\"@id\":\"https:\/\/www.serramarbenalmadena.com\/fr\/nos-chambres\/#breadcrumb\",\"itemListElement\":[{\"@type\":\"ListItem\",\"position\":1,\"name\":\"Portada\",\"item\":\"https:\/\/www.serramarbenalmadena.com\/fr\/\"},{\"@type\":\"ListItem\",\"position\":2,\"name\":\"Nos chambres\"}]},{\"@type\":\"WebSite\",\"@id\":\"https:\/\/www.serramarbenalmadena.com\/fr\/#website\",\"url\":\"https:\/\/www.serramarbenalmadena.com\/fr\/\",\"name\":\"Serramar Benalmadena\",\"description\":\"Serramar Benalmadena\",\"publisher\":{\"@id\":\"https:\/\/www.serramarbenalmadena.com\/fr\/#organization\"},\"potentialAction\":[{\"@type\":\"SearchAction\",\"target\":{\"@type\":\"EntryPoint\",\"urlTemplate\":\"https:\/\/www.serramarbenalmadena.com\/fr\/?s={search_term_string}\"},\"query-input\":\"required name=search_term_string\"}],\"inLanguage\":\"fr-FR\"},{\"@type\":\"Organization\",\"@id\":\"https:\/\/www.serramarbenalmadena.com\/fr\/#organization\",\"name\":\"Pensi\u00f3n Serramar\",\"url\":\"https:\/\/www.serramarbenalmadena.com\/fr\/\",\"logo\":{\"@type\":\"ImageObject\",\"inLanguage\":\"fr-FR\",\"@id\":\"https:\/\/www.serramarbenalmadena.com\/fr\/#\/schema\/logo\/image\/\",\"url\":\"https:\/\/www.serramarbenalmadena.com\/wp-content\/uploads\/Logo-Serramar-01.png\",\"contentUrl\":\"https:\/\/www.serramarbenalmadena.com\/wp-content\/uploads\/Logo-Serramar-01.png\",\"width\":754,\"height\":253,\"caption\":\"Pensi\u00f3n Serramar\"},\"image\":{\"@id\":\"https:\/\/www.serramarbenalmadena.com\/fr\/#\/schema\/logo\/image\/\"}}]}<\/script>\n<!-- \/ Yoast SEO plugin. -->","yoast_head_json":{"title":"Chambres | Serramar Benalm\u00e1dena Guesthouse | Site officiel","description":"La meilleure pension \u00e0 Benalm\u00e1dena, Serramar. Chambres simples, doubles, triples et quadruples avec salle de bain priv\u00e9e ou partag\u00e9e. R\u00e9servation directe en ligne.","robots":{"index":"index","follow":"follow","max-snippet":"max-snippet:-1","max-image-preview":"max-image-preview:large","max-video-preview":"max-video-preview:-1"},"canonical":"https:\/\/www.serramarbenalmadena.com\/fr\/nos-chambres\/","og_locale":"fr_FR","og_type":"article","og_title":"Chambres | Serramar Benalm\u00e1dena Guesthouse | Site officiel","og_description":"La meilleure pension \u00e0 Benalm\u00e1dena, Serramar. Chambres simples, doubles, triples et quadruples avec salle de bain priv\u00e9e ou partag\u00e9e. R\u00e9servation directe en ligne.","og_url":"https:\/\/www.serramarbenalmadena.com\/fr\/nos-chambres\/","og_site_name":"Serramar Benalmadena","article_modified_time":"2021-07-02T09:32:36+00:00","og_image":[{"width":800,"height":635,"url":"https:\/\/www.serramarbenalmadena.com\/wp-content\/uploads\/habitacion-economica-bano-compartido-serramar-benalmadena.jpg","type":"image\/jpeg"}],"twitter_card":"summary_large_image","twitter_misc":{"Dur\u00e9e de lecture estim\u00e9e":"5 minutes"},"schema":{"@context":"https:\/\/schema.org","@graph":[{"@type":"WebPage","@id":"https:\/\/www.serramarbenalmadena.com\/fr\/nos-chambres\/","url":"https:\/\/www.serramarbenalmadena.com\/fr\/nos-chambres\/","name":"Chambres | Serramar Benalm\u00e1dena Guesthouse | Site officiel","isPartOf":{"@id":"https:\/\/www.serramarbenalmadena.com\/fr\/#website"},"primaryImageOfPage":{"@id":"https:\/\/www.serramarbenalmadena.com\/fr\/nos-chambres\/#primaryimage"},"image":{"@id":"https:\/\/www.serramarbenalmadena.com\/fr\/nos-chambres\/#primaryimage"},"thumbnailUrl":"https:\/\/www.serramarbenalmadena.com\/wp-content\/uploads\/habitacion-economica-bano-compartido-serramar-benalmadena.jpg","datePublished":"2020-02-05T11:08:27+00:00","dateModified":"2021-07-02T09:32:36+00:00","description":"La meilleure pension \u00e0 Benalm\u00e1dena, Serramar. Chambres simples, doubles, triples et quadruples avec salle de bain priv\u00e9e ou partag\u00e9e. R\u00e9servation directe en ligne.","breadcrumb":{"@id":"https:\/\/www.serramarbenalmadena.com\/fr\/nos-chambres\/#breadcrumb"},"inLanguage":"fr-FR","potentialAction":[{"@type":"ReadAction","target":["https:\/\/www.serramarbenalmadena.com\/fr\/nos-chambres\/"]}]},{"@type":"ImageObject","inLanguage":"fr-FR","@id":"https:\/\/www.serramarbenalmadena.com\/fr\/nos-chambres\/#primaryimage","url":"https:\/\/www.serramarbenalmadena.com\/wp-content\/uploads\/habitacion-economica-bano-compartido-serramar-benalmadena.jpg","contentUrl":"https:\/\/www.serramarbenalmadena.com\/wp-content\/uploads\/habitacion-economica-bano-compartido-serramar-benalmadena.jpg","width":800,"height":635},{"@type":"BreadcrumbList","@id":"https:\/\/www.serramarbenalmadena.com\/fr\/nos-chambres\/#breadcrumb","itemListElement":[{"@type":"ListItem","position":1,"name":"Portada","item":"https:\/\/www.serramarbenalmadena.com\/fr\/"},{"@type":"ListItem","position":2,"name":"Nos chambres"}]},{"@type":"WebSite","@id":"https:\/\/www.serramarbenalmadena.com\/fr\/#website","url":"https:\/\/www.serramarbenalmadena.com\/fr\/","name":"Serramar Benalmadena","description":"Serramar Benalmadena","publisher":{"@id":"https:\/\/www.serramarbenalmadena.com\/fr\/#organization"},"potentialAction":[{"@type":"SearchAction","target":{"@type":"EntryPoint","urlTemplate":"https:\/\/www.serramarbenalmadena.com\/fr\/?s={search_term_string}"},"query-input":"required name=search_term_string"}],"inLanguage":"fr-FR"},{"@type":"Organization","@id":"https:\/\/www.serramarbenalmadena.com\/fr\/#organization","name":"Pensi\u00f3n Serramar","url":"https:\/\/www.serramarbenalmadena.com\/fr\/","logo":{"@type":"ImageObject","inLanguage":"fr-FR","@id":"https:\/\/www.serramarbenalmadena.com\/fr\/#\/schema\/logo\/image\/","url":"https:\/\/www.serramarbenalmadena.com\/wp-content\/uploads\/Logo-Serramar-01.png","contentUrl":"https:\/\/www.serramarbenalmadena.com\/wp-content\/uploads\/Logo-Serramar-01.png","width":754,"height":253,"caption":"Pensi\u00f3n Serramar"},"image":{"@id":"https:\/\/www.serramarbenalmadena.com\/fr\/#\/schema\/logo\/image\/"}}]}},"_links":{"self":[{"href":"https:\/\/www.serramarbenalmadena.com\/fr\/wp-json\/wp\/v2\/pages\/993","targetHints":{"allow":["GET"]}}],"collection":[{"href":"https:\/\/www.serramarbenalmadena.com\/fr\/wp-json\/wp\/v2\/pages"}],"about":[{"href":"https:\/\/www.serramarbenalmadena.com\/fr\/wp-json\/wp\/v2\/types\/page"}],"author":[{"embeddable":true,"href":"https:\/\/www.serramarbenalmadena.com\/fr\/wp-json\/wp\/v2\/users\/6"}],"replies":[{"embeddable":true,"href":"https:\/\/www.serramarbenalmadena.com\/fr\/wp-json\/wp\/v2\/comments?post=993"}],"version-history":[{"count":6,"href":"https:\/\/www.serramarbenalmadena.com\/fr\/wp-json\/wp\/v2\/pages\/993\/revisions"}],"predecessor-version":[{"id":1244,"href":"https:\/\/www.serramarbenalmadena.com\/fr\/wp-json\/wp\/v2\/pages\/993\/revisions\/1244"}],"wp:featuredmedia":[{"embeddable":true,"href":"https:\/\/www.serramarbenalmadena.com\/fr\/wp-json\/wp\/v2\/media\/908"}],"wp:attachment":[{"href":"https:\/\/www.serramarbenalmadena.com\/fr\/wp-json\/wp\/v2\/media?parent=993"}],"curies":[{"name":"wp","href":"https:\/\/api.w.org\/{rel}","templated":true}]}}