{"id":903,"date":"2020-02-05T10:29:05","date_gmt":"2020-02-05T10:29:05","guid":{"rendered":"https:\/\/www.serramarbenalmadena.com\/pension-a-benalmadena\/"},"modified":"2022-08-02T11:06:39","modified_gmt":"2022-08-02T11:06:39","slug":"pension-a-benalmadena","status":"publish","type":"page","link":"https:\/\/www.serramarbenalmadena.com\/fr\/","title":{"rendered":"Pension \u00e0 Benalm\u00e1dena"},"content":{"rendered":"<p>[vc_row css_animation=\u00a0\u00bb\u00a0\u00bb row_type=\u00a0\u00bbrow\u00a0\u00bb use_row_as_full_screen_section=\u00a0\u00bbno\u00a0\u00bb type=\u00a0\u00bbfull_width\u00a0\u00bb angled_section=\u00a0\u00bbno\u00a0\u00bb text_align=\u00a0\u00bbleft\u00a0\u00bb background_image_as_pattern=\u00a0\u00bbwithout_pattern\u00a0\u00bb css=\u00a0\u00bb.vc_custom_1529659169520{background-color: #0b90bb !important;}\u00a0\u00bb z_index=\u00a0\u00bb\u00a0\u00bb][vc_column][rev_slider_vc alias=\u00a0\u00bbhome\u00a0\u00bb][\/vc_column][\/vc_row][vc_row css_animation=\u00a0\u00bb\u00a0\u00bb row_type=\u00a0\u00bbrow\u00a0\u00bb use_row_as_full_screen_section=\u00a0\u00bbno\u00a0\u00bb type=\u00a0\u00bbgrid\u00a0\u00bb angled_section=\u00a0\u00bbno\u00a0\u00bb text_align=\u00a0\u00bbleft\u00a0\u00bb background_image_as_pattern=\u00a0\u00bbwithout_pattern\u00a0\u00bb z_index=\u00a0\u00bb\u00a0\u00bb][vc_column css=\u00a0\u00bb.vc_custom_1519894325851{margin-top: -115px !important;}\u00a0\u00bb][qode_elements_holder number_of_columns=\u00a0\u00bbtwo_columns\u00a0\u00bb columns_proportion=\u00a0\u00bb25_75&Prime;][qode_elements_holder_item horizontal_alignment=\u00a0\u00bbleft\u00a0\u00bb advanced_animations=\u00a0\u00bbno\u00a0\u00bb background_color=\u00a0\u00bb#ffffff\u00a0\u00bb item_padding=\u00a0\u00bb7%\u00a0\u00bb][vc_column_text]<\/p>\n<h2 style=\"text-align: center;\"><span style=\"color: #0b90bb;\">R\u00e9servation directe<br \/>\n<\/span><\/h2>\n<p>&nbsp;[\/vc_column_text][vc_empty_space][vc_column_text]<\/p>\n<h3 style=\"text-align: center;\"><span data-type=\"normal\"  class=\"qode_icon_shortcode  q_font_awsome_icon   \" style=\" \"><i class=\"qode_icon_font_awesome fa fa-phone qode_icon_element\" style=\"\" ><\/i><\/span>\u00a0<span style=\"color: #0cd17f;\"><a style=\"color: #0b90bb;\" href=\"tel:0034951204278\">+34 951 20 42 78<\/a><\/span><\/h3>\n<p>[\/vc_column_text][\/qode_elements_holder_item][qode_elements_holder_item horizontal_alignment=\u00a0\u00bbleft\u00a0\u00bb advanced_animations=\u00a0\u00bbno\u00a0\u00bb background_color=\u00a0\u00bb#0b90bb\u00a0\u00bb item_padding=\u00a0\u00bb2%\u00a0\u00bb][vc_raw_html]PHNjcmlwdCBjbGFzcz0ia2FzX29ubGluZV9yZWNlcHRpb24iIHNyYz0iaHR0cHM6Ly93dWJvb2submV0L2pzL25lYmsvYndpZGdldC5qZ3oiIGRhdGEtd2lkPSJmZGI4NjYwNC0zNjcyLTRlYmYtOWY1Zi03YzA0NDM2Y2EwN2IiPjwvc2NyaXB0Pg==[\/vc_raw_html][\/qode_elements_holder_item][\/qode_elements_holder][\/vc_column][\/vc_row][vc_row css_animation=\u00a0\u00bb\u00a0\u00bb row_type=\u00a0\u00bbrow\u00a0\u00bb use_row_as_full_screen_section=\u00a0\u00bbno\u00a0\u00bb type=\u00a0\u00bbgrid\u00a0\u00bb angled_section=\u00a0\u00bbno\u00a0\u00bb text_align=\u00a0\u00bbleft\u00a0\u00bb background_image_as_pattern=\u00a0\u00bbwithout_pattern\u00a0\u00bb z_index=\u00a0\u00bb\u00a0\u00bb][vc_column][vc_empty_space height=\u00a0\u00bb150px\u00a0\u00bb]<div class='q_message  with_icon' style=''><div class='q_message_inner'><div class=\"q_message_icon_holder\"><div class=\"q_message_icon\"><div class=\"q_message_icon_inner\"><i class=\"qode_icon_font_awesome fa fa-heart fa-2x\" style=\"\" ><\/i><\/div><\/div><\/div><a href='#' class='close'><i class='fa fa-times' style=''><\/i><\/a><div class='message_text_holder'><div class='message_text'><div class='message_text_inner'>Seguridad frente al Covid-19. <span style=\"color: #0cd17f;\"><a style=\"color: #0cd17f;\" href=\"https:\/\/www.serramarbenalmadena.com\/fr\/securite-contre-le-covid-19\/\">Descubre m\u00e1s<\/a><\/span><\/div><\/div><\/div><\/div><\/div>[vc_empty_space height=\u00a0\u00bb50px\u00a0\u00bb][\/vc_column][\/vc_row][vc_row css_animation=\u00a0\u00bb\u00a0\u00bb row_type=\u00a0\u00bbrow\u00a0\u00bb use_row_as_full_screen_section=\u00a0\u00bbno\u00a0\u00bb type=\u00a0\u00bbgrid\u00a0\u00bb angled_section=\u00a0\u00bbno\u00a0\u00bb text_align=\u00a0\u00bbcenter\u00a0\u00bb background_image_as_pattern=\u00a0\u00bbwithout_pattern\u00a0\u00bb z_index=\u00a0\u00bb\u00a0\u00bb css=\u00a0\u00bb.vc_custom_1529922248582{padding-top: 0px !important;padding-bottom: 60px !important;}\u00a0\u00bb][vc_column][vc_column_text]<\/p>\n<h1 style=\"text-align: center;\">Vivez la Costa del Sol<\/h1>\n<h3 style=\"text-align: center;\">Serramar Benalm\u00e1dena<\/h3>\n<p>&nbsp;[\/vc_column_text][\/vc_column][\/vc_row][vc_row css_animation=\u00a0\u00bb\u00a0\u00bb row_type=\u00a0\u00bbrow\u00a0\u00bb use_row_as_full_screen_section=\u00a0\u00bbno\u00a0\u00bb type=\u00a0\u00bbgrid\u00a0\u00bb angled_section=\u00a0\u00bbno\u00a0\u00bb text_align=\u00a0\u00bbcenter\u00a0\u00bb background_image_as_pattern=\u00a0\u00bbwithout_pattern\u00a0\u00bb z_index=\u00a0\u00bb\u00a0\u00bb][vc_column][qode_elements_holder number_of_columns=\u00a0\u00bbtwo_columns\u00a0\u00bb][qode_elements_holder_item advanced_animations=\u00a0\u00bbno\u00a0\u00bb background_image=\u00a0\u00bb235&Prime; item_padding_600_768=\u00a0\u00bb475px 0px 0px\u00a0\u00bb item_padding_480_600=\u00a0\u00bb300px 0px 0px\u00a0\u00bb item_padding_480=\u00a0\u00bb300px 0px 0px\u00a0\u00bb][\/qode_elements_holder_item][qode_elements_holder_item horizontal_alignment=\u00a0\u00bbleft\u00a0\u00bb advanced_animations=\u00a0\u00bbno\u00a0\u00bb background_color=\u00a0\u00bb#ffffff\u00a0\u00bb item_padding=\u00a0\u00bb14% 15%\u00a0\u00bb custom_class=\u00a0\u00bbeh-shadow\u00a0\u00bb][vc_column_text]<\/p>\n<h2>Chambres avec salle de bain priv\u00e9e<\/h2>\n<p>&nbsp;[\/vc_column_text][vc_empty_space][vc_column_text]Notre chambre avec salle de bain priv\u00e9e peut \u00eatre simple, double, triple et quadruple. Le double peut \u00eatre avec un lit double ou deux lits simples. Tous sont \u00e9quip\u00e9s de la climatisation, d&rsquo;une t\u00e9l\u00e9vision et d&rsquo;un coffre-fort.[\/vc_column_text][vc_empty_space][vc_column_text]<a class=\"qbutton default white btn-serramar\" href=\"https:\/\/www.serramarbenalmadena.com\/fr\/nos-chambres\/chambres-avec-salle-de-bain-privee\/\">D\u00e9couvrez plus<\/a> <a class=\"qbutton default btn-serramar\" href=\"https:\/\/www.serramarbenalmadena.com\/fr\/reserve\/\" target=\"_blank\" rel=\"noopener noreferrer\">R\u00e9servez en ligne<\/a>[\/vc_column_text][\/qode_elements_holder_item][\/qode_elements_holder][\/vc_column][\/vc_row][vc_row css_animation=\u00a0\u00bb\u00a0\u00bb row_type=\u00a0\u00bbrow\u00a0\u00bb use_row_as_full_screen_section=\u00a0\u00bbno\u00a0\u00bb type=\u00a0\u00bbgrid\u00a0\u00bb angled_section=\u00a0\u00bbno\u00a0\u00bb text_align=\u00a0\u00bbcenter\u00a0\u00bb background_image_as_pattern=\u00a0\u00bbwithout_pattern\u00a0\u00bb z_index=\u00a0\u00bb\u00a0\u00bb el_class=\u00a0\u00bbcustom_reverse_order\u00a0\u00bb][vc_column][qode_elements_holder number_of_columns=\u00a0\u00bbtwo_columns\u00a0\u00bb][qode_elements_holder_item horizontal_alignment=\u00a0\u00bbleft\u00a0\u00bb advanced_animations=\u00a0\u00bbno\u00a0\u00bb background_color=\u00a0\u00bb#ffffff\u00a0\u00bb item_padding=\u00a0\u00bb14% 15%\u00a0\u00bb][vc_column_text]<\/p>\n<h2>Chambres avec salle de bain partag\u00e9e<\/h2>\n<p>&nbsp;[\/vc_column_text][vc_empty_space][vc_column_text]Notre chambre avec salle de bain partag\u00e9e peut \u00eatre simple, double, triple et quadruple. Le double peut \u00eatre avec un lit double ou deux lits simples. Tous sont \u00e9quip\u00e9s de la climatisation et d&rsquo;une t\u00e9l\u00e9vision.[\/vc_column_text][vc_empty_space][vc_column_text]<a class=\"qbutton default white btn-serramar\" href=\"https:\/\/www.serramarbenalmadena.com\/fr\/nos-chambres\/chambres-avec-salle-de-bain-partagee\/\">D\u00e9couvrez plus<\/a> <a class=\"qbutton default btn-serramar\" href=\"https:\/\/www.serramarbenalmadena.com\/fr\/reserve\/\" target=\"_blank\" rel=\"noopener noreferrer\">R\u00e9servez en ligne<\/a>[\/vc_column_text][\/qode_elements_holder_item][qode_elements_holder_item horizontal_alignment=\u00a0\u00bbleft\u00a0\u00bb advanced_animations=\u00a0\u00bbno\u00a0\u00bb background_image=\u00a0\u00bb234&Prime; item_padding_600_768=\u00a0\u00bb475px 0px 0px\u00a0\u00bb item_padding_480_600=\u00a0\u00bb300px 0px 0px\u00a0\u00bb item_padding_480=\u00a0\u00bb300px 0px 0px\u00a0\u00bb custom_class=\u00a0\u00bbeh-shadow\u00a0\u00bb][\/qode_elements_holder_item][\/qode_elements_holder][\/vc_column][\/vc_row][vc_row css_animation=\u00a0\u00bb\u00a0\u00bb row_type=\u00a0\u00bbrow\u00a0\u00bb use_row_as_full_screen_section=\u00a0\u00bbno\u00a0\u00bb type=\u00a0\u00bbgrid\u00a0\u00bb angled_section=\u00a0\u00bbno\u00a0\u00bb text_align=\u00a0\u00bbcenter\u00a0\u00bb background_image_as_pattern=\u00a0\u00bbwithout_pattern\u00a0\u00bb z_index=\u00a0\u00bb\u00a0\u00bb][vc_column offset=\u00a0\u00bbvc_hidden-lg vc_hidden-md vc_hidden-sm vc_hidden-xs\u00a0\u00bb][qode_elements_holder number_of_columns=\u00a0\u00bbtwo_columns\u00a0\u00bb][qode_elements_holder_item cover=\u00a0\u00bbyes\u00a0\u00bb advanced_animations=\u00a0\u00bbno\u00a0\u00bb background_image=\u00a0\u00bb236&Prime; item_padding_600_768=\u00a0\u00bb475px 0px 0px\u00a0\u00bb item_padding_480_600=\u00a0\u00bb300px 0px 0px\u00a0\u00bb item_padding_480=\u00a0\u00bb300px 0px 0px\u00a0\u00bb][\/qode_elements_holder_item][qode_elements_holder_item horizontal_alignment=\u00a0\u00bbleft\u00a0\u00bb advanced_animations=\u00a0\u00bbno\u00a0\u00bb background_color=\u00a0\u00bb#ffffff\u00a0\u00bb item_padding=\u00a0\u00bb14% 15%\u00a0\u00bb custom_class=\u00a0\u00bbeh-shadow\u00a0\u00bb][vc_column_text]<\/p>\n<h2>Chambres \u00e9conomiques avec salle de bain partag\u00e9e<\/h2>\n<p>&nbsp;[\/vc_column_text][vc_empty_space][vc_column_text]Nos chambres \u00e9conomiques avec salle de bain partag\u00e9e peuvent \u00eatre simples ou doubles. Les doubles ont l&rsquo;air conditionn\u00e9.[\/vc_column_text][vc_empty_space][vc_column_text]<a class=\"qbutton default white btn-serramar\" href=\"https:\/\/www.serramarbenalmadena.com\/fr\/nos-chambres\/chambres-economiques-avec-salle-de-bain-partagee\/\">D\u00e9couvrez plus<\/a> <a class=\"qbutton default btn-serramar\" href=\"https:\/\/www.serramarbenalmadena.com\/fr\/reserve\/\" target=\"_blank\" rel=\"noopener noreferrer\">R\u00e9servez en ligne<\/a>[\/vc_column_text][\/qode_elements_holder_item][\/qode_elements_holder][\/vc_column][\/vc_row][vc_row css_animation=\u00a0\u00bb\u00a0\u00bb row_type=\u00a0\u00bbrow\u00a0\u00bb use_row_as_full_screen_section=\u00a0\u00bbno\u00a0\u00bb type=\u00a0\u00bbfull_width\u00a0\u00bb angled_section=\u00a0\u00bbno\u00a0\u00bb text_align=\u00a0\u00bbleft\u00a0\u00bb background_image_as_pattern=\u00a0\u00bbwithout_pattern\u00a0\u00bb][vc_column][vc_empty_space height=\u00a0\u00bb100px\u00a0\u00bb][\/vc_column][\/vc_row][vc_row css_animation=\u00a0\u00bb\u00a0\u00bb row_type=\u00a0\u00bbrow\u00a0\u00bb use_row_as_full_screen_section=\u00a0\u00bbno\u00a0\u00bb type=\u00a0\u00bbgrid\u00a0\u00bb angled_section=\u00a0\u00bbno\u00a0\u00bb text_align=\u00a0\u00bbleft\u00a0\u00bb background_image_as_pattern=\u00a0\u00bbwithout_pattern\u00a0\u00bb z_index=\u00a0\u00bb\u00a0\u00bb][vc_column]<div class=\"qode-blog-carousel-titled\" data-posts-shown=\"3\">\r\n\t<div class=\"qode-bct-title-holder\" style=\"background-color:#0b90bb;color:#ffffff\">\r\n\t\t<a class=\"qode-bct-caroufredsel-prev\" href=\"#\">\r\n\t\t\t<span class=\"qode-bct-caroufredsel-nav-inner\">\r\n\t\t\t\t<span class=\"qode-bct-caroufredsel-nav-icon-holder\">\r\n\t\t\t\t\t<span class=\"arrow_carrot-left\"><\/span>\r\n\t\t\t\t<\/span>\r\n\t\t\t<\/span>\r\n\t\t<\/a>\r\n\t\t\t\t\t\t\t\t<h2>\r\n\t\t\t\t\t\tLe blog de Serramar\t\t\t\t\t<\/h2>\r\n\t\t\t\t<a class=\"qode-bct-caroufredsel-next\" href=\"#\">\r\n\t\t<span class=\"qode-bct-caroufredsel-nav-inner\">\r\n\t\t\t<span class=\"qode-bct-caroufredsel-nav-icon-holder\">\r\n\t\t\t\t<span class=\"arrow_carrot-right\"><\/span>\r\n\t\t\t<\/span>\r\n\t\t<\/span>\r\n\t<\/a>\r\n\t<\/div>\r\n\t<\/div>[\/vc_column][\/vc_row][vc_row css_animation=\u00a0\u00bb\u00a0\u00bb row_type=\u00a0\u00bbrow\u00a0\u00bb use_row_as_full_screen_section=\u00a0\u00bbno\u00a0\u00bb type=\u00a0\u00bbfull_width\u00a0\u00bb angled_section=\u00a0\u00bbno\u00a0\u00bb text_align=\u00a0\u00bbleft\u00a0\u00bb background_image_as_pattern=\u00a0\u00bbwithout_pattern\u00a0\u00bb][vc_column][vc_empty_space height=\u00a0\u00bb100px\u00a0\u00bb][\/vc_column][\/vc_row][vc_row css_animation=\u00a0\u00bb\u00a0\u00bb row_type=\u00a0\u00bbrow\u00a0\u00bb use_row_as_full_screen_section=\u00a0\u00bbno\u00a0\u00bb type=\u00a0\u00bbfull_width\u00a0\u00bb angled_section=\u00a0\u00bbno\u00a0\u00bb text_align=\u00a0\u00bbleft\u00a0\u00bb background_image_as_pattern=\u00a0\u00bbwithout_pattern\u00a0\u00bb background_color=\u00a0\u00bb#0b90bb\u00a0\u00bb z_index=\u00a0\u00bb\u00a0\u00bb][vc_column]<div class=\"container_inner\"><div class=\"call_to_action normal\" style=\"\"><div class=\"two_columns_75_25 clearfix\"><div class=\"text_wrapper column1\"><div class=\"call_to_action_text \" style=\"\">\n<h4><strong><span style=\"color: #ffffff;\">CONTACTEZ-NOUS ET OBTENEZ LES MEILLEURES OFFRES<\/span><\/strong><\/h4>\n<p>&nbsp;<\/div><\/div><div class=\"button_wrapper column2\"><a itemprop=\"url\" href=\"\/contacez\" class=\"qbutton white \" target=\"\" style=\"\">Contactez-nous<\/a><\/div><\/div><\/div><\/div>[\/vc_column][\/vc_row]<\/p>\n","protected":false},"excerpt":{"rendered":"<p>[vc_row css_animation=\u00a0\u00bb\u00a0\u00bb row_type=\u00a0\u00bbrow\u00a0\u00bb use_row_as_full_screen_section=\u00a0\u00bbno\u00a0\u00bb type=\u00a0\u00bbfull_width\u00a0\u00bb angled_section=\u00a0\u00bbno\u00a0\u00bb text_align=\u00a0\u00bbleft\u00a0\u00bb background_image_as_pattern=\u00a0\u00bbwithout_pattern\u00a0\u00bb css=\u00a0\u00bb.vc_custom_1529659169520{background-color: #0b90bb !important;}\u00a0\u00bb z_index=\u00a0\u00bb\u00a0\u00bb][vc_column][rev_slider_vc alias=\u00a0\u00bbhome\u00a0\u00bb][\/vc_column][\/vc_row][vc_row css_animation=\u00a0\u00bb\u00a0\u00bb row_type=\u00a0\u00bbrow\u00a0\u00bb use_row_as_full_screen_section=\u00a0\u00bbno\u00a0\u00bb type=\u00a0\u00bbgrid\u00a0\u00bb angled_section=\u00a0\u00bbno\u00a0\u00bb text_align=\u00a0\u00bbleft\u00a0\u00bb background_image_as_pattern=\u00a0\u00bbwithout_pattern\u00a0\u00bb z_index=\u00a0\u00bb\u00a0\u00bb][vc_column css=\u00a0\u00bb.vc_custom_1519894325851{margin-top: -115px !important;}\u00a0\u00bb][qode_elements_holder number_of_columns=\u00a0\u00bbtwo_columns\u00a0\u00bb columns_proportion=\u00a0\u00bb25_75&Prime;][qode_elements_holder_item horizontal_alignment=\u00a0\u00bbleft\u00a0\u00bb advanced_animations=\u00a0\u00bbno\u00a0\u00bb background_color=\u00a0\u00bb#ffffff\u00a0\u00bb item_padding=\u00a0\u00bb7%\u00a0\u00bb][vc_column_text] R\u00e9servation directe &nbsp;[\/vc_column_text][vc_empty_space][vc_column_text] \u00a0+34 951 20 42 78 [\/vc_column_text][\/qode_elements_holder_item][qode_elements_holder_item horizontal_alignment=\u00a0\u00bbleft\u00a0\u00bb advanced_animations=\u00a0\u00bbno\u00a0\u00bb background_color=\u00a0\u00bb#0b90bb\u00a0\u00bb item_padding=\u00a0\u00bb2%\u00a0\u00bb][vc_raw_html]PHNjcmlwdCBjbGFzcz0ia2FzX29ubGluZV9yZWNlcHRpb24iIHNyYz0iaHR0cHM6Ly93dWJvb2submV0L2pzL25lYmsvYndpZGdldC5qZ3oiIGRhdGEtd2lkPSJmZGI4NjYwNC0zNjcyLTRlYmYtOWY1Zi03YzA0NDM2Y2EwN2IiPjwvc2NyaXB0Pg==[\/vc_raw_html][\/qode_elements_holder_item][\/qode_elements_holder][\/vc_column][\/vc_row][vc_row css_animation=\u00a0\u00bb\u00a0\u00bb row_type=\u00a0\u00bbrow\u00a0\u00bb&#8230;<\/p>\n","protected":false},"author":6,"featured_media":0,"parent":0,"menu_order":0,"comment_status":"closed","ping_status":"closed","template":"full_width.php","meta":{"footnotes":""},"class_list":["post-903","page","type-page","status-publish","hentry"],"yoast_head":"<!-- This site is optimized with the Yoast SEO plugin v22.8 - https:\/\/yoast.com\/wordpress\/plugins\/seo\/ -->\n<title>Pensi\u00f3n Serramar Benalm\u00e1dena | Site officiel | Meilleur prix en ligne<\/title>\n<meta name=\"description\" content=\"La meilleure pension \u00e0 Benalm\u00e1dena, Serramar. Chambres simples, doubles, triples et quadruples avec salle de bain priv\u00e9e ou partag\u00e9e. R\u00e9servation directe en ligne.\" \/>\n<meta name=\"robots\" content=\"index, follow, max-snippet:-1, max-image-preview:large, max-video-preview:-1\" \/>\n<link rel=\"canonical\" href=\"https:\/\/www.serramarbenalmadena.com\/fr\/\" \/>\n<meta property=\"og:locale\" content=\"fr_FR\" \/>\n<meta property=\"og:type\" content=\"article\" \/>\n<meta property=\"og:title\" content=\"Pensi\u00f3n Serramar Benalm\u00e1dena | Site officiel | Meilleur prix en ligne\" \/>\n<meta property=\"og:description\" content=\"La meilleure pension \u00e0 Benalm\u00e1dena, Serramar. Chambres simples, doubles, triples et quadruples avec salle de bain priv\u00e9e ou partag\u00e9e. R\u00e9servation directe en ligne.\" \/>\n<meta property=\"og:url\" content=\"https:\/\/www.serramarbenalmadena.com\/fr\/\" \/>\n<meta property=\"og:site_name\" content=\"Serramar Benalmadena\" \/>\n<meta property=\"article:modified_time\" content=\"2022-08-02T11:06:39+00:00\" \/>\n<meta name=\"twitter:card\" content=\"summary_large_image\" \/>\n<meta name=\"twitter:label1\" content=\"Dur\u00e9e de lecture estim\u00e9e\" \/>\n\t<meta name=\"twitter:data1\" content=\"5 minutes\" \/>\n<script type=\"application\/ld+json\" class=\"yoast-schema-graph\">{\"@context\":\"https:\/\/schema.org\",\"@graph\":[{\"@type\":\"WebPage\",\"@id\":\"https:\/\/www.serramarbenalmadena.com\/fr\/\",\"url\":\"https:\/\/www.serramarbenalmadena.com\/fr\/\",\"name\":\"Pensi\u00f3n Serramar Benalm\u00e1dena | Site officiel | Meilleur prix en ligne\",\"isPartOf\":{\"@id\":\"https:\/\/www.serramarbenalmadena.com\/fr\/#website\"},\"datePublished\":\"2020-02-05T10:29:05+00:00\",\"dateModified\":\"2022-08-02T11:06:39+00:00\",\"description\":\"La meilleure pension \u00e0 Benalm\u00e1dena, Serramar. Chambres simples, doubles, triples et quadruples avec salle de bain priv\u00e9e ou partag\u00e9e. R\u00e9servation directe en ligne.\",\"breadcrumb\":{\"@id\":\"https:\/\/www.serramarbenalmadena.com\/fr\/#breadcrumb\"},\"inLanguage\":\"fr-FR\",\"potentialAction\":[{\"@type\":\"ReadAction\",\"target\":[\"https:\/\/www.serramarbenalmadena.com\/fr\/\"]}]},{\"@type\":\"BreadcrumbList\",\"@id\":\"https:\/\/www.serramarbenalmadena.com\/fr\/#breadcrumb\",\"itemListElement\":[{\"@type\":\"ListItem\",\"position\":1,\"name\":\"Portada\",\"item\":\"https:\/\/www.serramarbenalmadena.com\/fr\/\"},{\"@type\":\"ListItem\",\"position\":2,\"name\":\"Pension \u00e0 Benalm\u00e1dena\"}]},{\"@type\":\"WebSite\",\"@id\":\"https:\/\/www.serramarbenalmadena.com\/fr\/#website\",\"url\":\"https:\/\/www.serramarbenalmadena.com\/fr\/\",\"name\":\"Serramar Benalmadena\",\"description\":\"Serramar Benalmadena\",\"publisher\":{\"@id\":\"https:\/\/www.serramarbenalmadena.com\/fr\/#organization\"},\"potentialAction\":[{\"@type\":\"SearchAction\",\"target\":{\"@type\":\"EntryPoint\",\"urlTemplate\":\"https:\/\/www.serramarbenalmadena.com\/fr\/?s={search_term_string}\"},\"query-input\":\"required name=search_term_string\"}],\"inLanguage\":\"fr-FR\"},{\"@type\":\"Organization\",\"@id\":\"https:\/\/www.serramarbenalmadena.com\/fr\/#organization\",\"name\":\"Pensi\u00f3n Serramar\",\"url\":\"https:\/\/www.serramarbenalmadena.com\/fr\/\",\"logo\":{\"@type\":\"ImageObject\",\"inLanguage\":\"fr-FR\",\"@id\":\"https:\/\/www.serramarbenalmadena.com\/fr\/#\/schema\/logo\/image\/\",\"url\":\"https:\/\/www.serramarbenalmadena.com\/wp-content\/uploads\/Logo-Serramar-01.png\",\"contentUrl\":\"https:\/\/www.serramarbenalmadena.com\/wp-content\/uploads\/Logo-Serramar-01.png\",\"width\":754,\"height\":253,\"caption\":\"Pensi\u00f3n Serramar\"},\"image\":{\"@id\":\"https:\/\/www.serramarbenalmadena.com\/fr\/#\/schema\/logo\/image\/\"}}]}<\/script>\n<!-- \/ Yoast SEO plugin. -->","yoast_head_json":{"title":"Pensi\u00f3n Serramar Benalm\u00e1dena | Site officiel | Meilleur prix en ligne","description":"La meilleure pension \u00e0 Benalm\u00e1dena, Serramar. Chambres simples, doubles, triples et quadruples avec salle de bain priv\u00e9e ou partag\u00e9e. R\u00e9servation directe en ligne.","robots":{"index":"index","follow":"follow","max-snippet":"max-snippet:-1","max-image-preview":"max-image-preview:large","max-video-preview":"max-video-preview:-1"},"canonical":"https:\/\/www.serramarbenalmadena.com\/fr\/","og_locale":"fr_FR","og_type":"article","og_title":"Pensi\u00f3n Serramar Benalm\u00e1dena | Site officiel | Meilleur prix en ligne","og_description":"La meilleure pension \u00e0 Benalm\u00e1dena, Serramar. Chambres simples, doubles, triples et quadruples avec salle de bain priv\u00e9e ou partag\u00e9e. R\u00e9servation directe en ligne.","og_url":"https:\/\/www.serramarbenalmadena.com\/fr\/","og_site_name":"Serramar Benalmadena","article_modified_time":"2022-08-02T11:06:39+00:00","twitter_card":"summary_large_image","twitter_misc":{"Dur\u00e9e de lecture estim\u00e9e":"5 minutes"},"schema":{"@context":"https:\/\/schema.org","@graph":[{"@type":"WebPage","@id":"https:\/\/www.serramarbenalmadena.com\/fr\/","url":"https:\/\/www.serramarbenalmadena.com\/fr\/","name":"Pensi\u00f3n Serramar Benalm\u00e1dena | Site officiel | Meilleur prix en ligne","isPartOf":{"@id":"https:\/\/www.serramarbenalmadena.com\/fr\/#website"},"datePublished":"2020-02-05T10:29:05+00:00","dateModified":"2022-08-02T11:06:39+00:00","description":"La meilleure pension \u00e0 Benalm\u00e1dena, Serramar. Chambres simples, doubles, triples et quadruples avec salle de bain priv\u00e9e ou partag\u00e9e. R\u00e9servation directe en ligne.","breadcrumb":{"@id":"https:\/\/www.serramarbenalmadena.com\/fr\/#breadcrumb"},"inLanguage":"fr-FR","potentialAction":[{"@type":"ReadAction","target":["https:\/\/www.serramarbenalmadena.com\/fr\/"]}]},{"@type":"BreadcrumbList","@id":"https:\/\/www.serramarbenalmadena.com\/fr\/#breadcrumb","itemListElement":[{"@type":"ListItem","position":1,"name":"Portada","item":"https:\/\/www.serramarbenalmadena.com\/fr\/"},{"@type":"ListItem","position":2,"name":"Pension \u00e0 Benalm\u00e1dena"}]},{"@type":"WebSite","@id":"https:\/\/www.serramarbenalmadena.com\/fr\/#website","url":"https:\/\/www.serramarbenalmadena.com\/fr\/","name":"Serramar Benalmadena","description":"Serramar Benalmadena","publisher":{"@id":"https:\/\/www.serramarbenalmadena.com\/fr\/#organization"},"potentialAction":[{"@type":"SearchAction","target":{"@type":"EntryPoint","urlTemplate":"https:\/\/www.serramarbenalmadena.com\/fr\/?s={search_term_string}"},"query-input":"required name=search_term_string"}],"inLanguage":"fr-FR"},{"@type":"Organization","@id":"https:\/\/www.serramarbenalmadena.com\/fr\/#organization","name":"Pensi\u00f3n Serramar","url":"https:\/\/www.serramarbenalmadena.com\/fr\/","logo":{"@type":"ImageObject","inLanguage":"fr-FR","@id":"https:\/\/www.serramarbenalmadena.com\/fr\/#\/schema\/logo\/image\/","url":"https:\/\/www.serramarbenalmadena.com\/wp-content\/uploads\/Logo-Serramar-01.png","contentUrl":"https:\/\/www.serramarbenalmadena.com\/wp-content\/uploads\/Logo-Serramar-01.png","width":754,"height":253,"caption":"Pensi\u00f3n Serramar"},"image":{"@id":"https:\/\/www.serramarbenalmadena.com\/fr\/#\/schema\/logo\/image\/"}}]}},"_links":{"self":[{"href":"https:\/\/www.serramarbenalmadena.com\/fr\/wp-json\/wp\/v2\/pages\/903","targetHints":{"allow":["GET"]}}],"collection":[{"href":"https:\/\/www.serramarbenalmadena.com\/fr\/wp-json\/wp\/v2\/pages"}],"about":[{"href":"https:\/\/www.serramarbenalmadena.com\/fr\/wp-json\/wp\/v2\/types\/page"}],"author":[{"embeddable":true,"href":"https:\/\/www.serramarbenalmadena.com\/fr\/wp-json\/wp\/v2\/users\/6"}],"replies":[{"embeddable":true,"href":"https:\/\/www.serramarbenalmadena.com\/fr\/wp-json\/wp\/v2\/comments?post=903"}],"version-history":[{"count":17,"href":"https:\/\/www.serramarbenalmadena.com\/fr\/wp-json\/wp\/v2\/pages\/903\/revisions"}],"predecessor-version":[{"id":1340,"href":"https:\/\/www.serramarbenalmadena.com\/fr\/wp-json\/wp\/v2\/pages\/903\/revisions\/1340"}],"wp:attachment":[{"href":"https:\/\/www.serramarbenalmadena.com\/fr\/wp-json\/wp\/v2\/media?parent=903"}],"curies":[{"name":"wp","href":"https:\/\/api.w.org\/{rel}","templated":true}]}}