{"id":1206,"date":"2020-06-23T20:25:15","date_gmt":"2020-06-23T20:25:15","guid":{"rendered":"https:\/\/www.serramarbenalmadena.com\/securite-contre-le-covid-19\/"},"modified":"2020-06-23T20:27:42","modified_gmt":"2020-06-23T20:27:42","slug":"securite-contre-le-covid-19","status":"publish","type":"page","link":"https:\/\/www.serramarbenalmadena.com\/fr\/securite-contre-le-covid-19\/","title":{"rendered":"S\u00e9curit\u00e9 contre le covid-19"},"content":{"rendered":"<p>[vc_row css_animation=\u00a0\u00bb\u00a0\u00bb row_type=\u00a0\u00bbrow\u00a0\u00bb use_row_as_full_screen_section=\u00a0\u00bbno\u00a0\u00bb type=\u00a0\u00bbgrid\u00a0\u00bb angled_section=\u00a0\u00bbno\u00a0\u00bb text_align=\u00a0\u00bbleft\u00a0\u00bb background_image_as_pattern=\u00a0\u00bbwithout_pattern\u00a0\u00bb z_index=\u00a0\u00bb\u00a0\u00bb css=\u00a0\u00bb.vc_custom_1526752806428{padding-top: 60px !important;}\u00a0\u00bb][vc_column width=\u00a0\u00bb1\/2&Prime;][vc_column_text]<\/p>\n<h2>Des vacances sans soucis!<\/h2>\n<p>[\/vc_column_text][\/vc_column][vc_column width=\u00a0\u00bb1\/2&Prime;][\/vc_column][\/vc_row][vc_row css_animation=\u00a0\u00bb\u00a0\u00bb row_type=\u00a0\u00bbrow\u00a0\u00bb use_row_as_full_screen_section=\u00a0\u00bbno\u00a0\u00bb type=\u00a0\u00bbgrid\u00a0\u00bb angled_section=\u00a0\u00bbno\u00a0\u00bb text_align=\u00a0\u00bbleft\u00a0\u00bb background_image_as_pattern=\u00a0\u00bbwithout_pattern\u00a0\u00bb z_index=\u00a0\u00bb\u00a0\u00bb css=\u00a0\u00bb.vc_custom_1526752811207{padding-top: 60px !important;padding-bottom: 60px !important;}\u00a0\u00bb][vc_column width=\u00a0\u00bb7\/12&Prime;][vc_column_text]Nos proc\u00e9dures de nettoyage et d&rsquo;hygi\u00e8ne d\u00e9j\u00e0 strictes ont \u00e9t\u00e9 revues et adapt\u00e9es \u00e0 la situation actuelle.\u2800<br \/>\nL&rsquo;\u00e9quipe de Serramar Benalm\u00e1dena a travaill\u00e9 dur pour que votre repos soit relaxant, confortable et, surtout, s\u00fbr.\u2800[\/vc_column_text][vc_empty_space height=\u00a0\u00bb33px\u00a0\u00bb][vc_gallery interval=\u00a0\u00bb3&Prime; images=\u00a0\u00bb1198,1201,1191&Prime; img_size=\u00a0\u00bb\u00a0\u00bb][vc_empty_space height=\u00a0\u00bb33px\u00a0\u00bb]<div class=ordered><\/p>\n<ol>\n<li>Nous avons marqu\u00e9 la distance de s\u00e9curit\u00e9 dans la zone de r\u00e9ception.<\/li>\n<li>Nous avons du gel d\u00e9sinfectant sur le comptoir<\/li>\n<li>Nous avons mis en place des affiches contenant des informations de base sur la pr\u00e9vention et des r\u00e8gles pour une utilisation correcte des installations<\/li>\n<li>Nous avons renforc\u00e9 le nettoyage et la d\u00e9sinfection de toutes nos chambres.<\/li>\n<li>Nous avons des masques et des gants pour tous nos clients.<\/li>\n<\/ol>\n<p><\/div>[vc_column_text]Pour plus d&rsquo;informations : T\u00e9l.\u00a0 <a href=\"tel:+34952442604\">+34 952 44 26 04<\/a> o <a href=\"mailto:reservas@serramarbenalmadena.com\">reservas@serramarbenalmadena.com<\/a>[\/vc_column_text][vc_empty_space height=\u00a0\u00bb50px\u00a0\u00bb][\/vc_column][vc_column width=\u00a0\u00bb1\/12&Prime;][\/vc_column][vc_column width=\u00a0\u00bb4\/12&Prime;][vc_column_text]<\/p>\n<h4>R\u00e9servez directement avec nous.<\/h4>\n<p>&nbsp;<\/p>\n<p>En nuestra p\u00e1gina web siempre encontrar\u00e1s<strong> el mejor precio y las mejores ofertas<\/strong> para nuestras habitaciones.[\/vc_column_text][vc_empty_space height=\u00a0\u00bb33px\u00a0\u00bb]<a  itemprop=\"url\" href=\"\/fr\/reservez\/\" target=\"_blank\"  class=\"qbutton  big_large_full_width center default button-full-width\" style=\"\">R\u00e9servez votre chambre<\/a>[vc_empty_space height=\u00a0\u00bb33px\u00a0\u00bb]<a  itemprop=\"url\" href=\"\/fr\/nos-chambres\" target=\"_self\" data-hover-background-color='#0cd17f' data-hover-border-color='#0cd17f' data-hover-color='#ffffff' class=\"qbutton  big_large_full_width center default\" style=\"color: #ffffff; border-color: #e2e3dc; background-color: #e2e3dc;\">Voir toutes nos chambres<\/a>[vc_empty_space height=\u00a0\u00bb33px\u00a0\u00bb]<a  itemprop=\"url\" href=\"\/fr\/contactez\" target=\"_self\" data-hover-background-color='#0cd17f' data-hover-border-color='#0cd17f' data-hover-color='#ffffff' class=\"qbutton  big_large_full_width center default\" style=\"color: #ffffff; border-color: #e2e3dc; background-color: #e2e3dc;\">Contactez-nous<\/a>[vc_empty_space height=\u00a0\u00bb33px\u00a0\u00bb][\/vc_column][\/vc_row]<\/p>\n","protected":false},"excerpt":{"rendered":"<p>[vc_row css_animation=\u00a0\u00bb\u00a0\u00bb row_type=\u00a0\u00bbrow\u00a0\u00bb use_row_as_full_screen_section=\u00a0\u00bbno\u00a0\u00bb type=\u00a0\u00bbgrid\u00a0\u00bb angled_section=\u00a0\u00bbno\u00a0\u00bb text_align=\u00a0\u00bbleft\u00a0\u00bb background_image_as_pattern=\u00a0\u00bbwithout_pattern\u00a0\u00bb z_index=\u00a0\u00bb\u00a0\u00bb css=\u00a0\u00bb.vc_custom_1526752806428{padding-top: 60px !important;}\u00a0\u00bb][vc_column width=\u00a0\u00bb1\/2&Prime;][vc_column_text] Des vacances sans soucis! [\/vc_column_text][\/vc_column][vc_column width=\u00a0\u00bb1\/2&Prime;][\/vc_column][\/vc_row][vc_row css_animation=\u00a0\u00bb\u00a0\u00bb row_type=\u00a0\u00bbrow\u00a0\u00bb use_row_as_full_screen_section=\u00a0\u00bbno\u00a0\u00bb type=\u00a0\u00bbgrid\u00a0\u00bb angled_section=\u00a0\u00bbno\u00a0\u00bb text_align=\u00a0\u00bbleft\u00a0\u00bb background_image_as_pattern=\u00a0\u00bbwithout_pattern\u00a0\u00bb z_index=\u00a0\u00bb\u00a0\u00bb css=\u00a0\u00bb.vc_custom_1526752811207{padding-top: 60px !important;padding-bottom: 60px !important;}\u00a0\u00bb][vc_column width=\u00a0\u00bb7\/12&Prime;][vc_column_text]Nos proc\u00e9dures de nettoyage et d&rsquo;hygi\u00e8ne d\u00e9j\u00e0 strictes ont \u00e9t\u00e9 revues et adapt\u00e9es&#8230;<\/p>\n","protected":false},"author":6,"featured_media":1191,"parent":0,"menu_order":0,"comment_status":"closed","ping_status":"closed","template":"","meta":{"footnotes":""},"class_list":["post-1206","page","type-page","status-publish","has-post-thumbnail","hentry"],"yoast_head":"<!-- This site is optimized with the Yoast SEO plugin v22.8 - https:\/\/yoast.com\/wordpress\/plugins\/seo\/ -->\n<title>S\u00e9curit\u00e9 contre le covid-19 | Serramar Benalmadena<\/title>\n<meta name=\"description\" content=\"L&#039;\u00e9quipe de Serramar Benalm\u00e1dena a travaill\u00e9 dur pour que votre repos soit relaxant, confortable et, surtout, s\u00fbr.\" \/>\n<meta name=\"robots\" content=\"index, follow, max-snippet:-1, max-image-preview:large, max-video-preview:-1\" \/>\n<link rel=\"canonical\" href=\"https:\/\/www.serramarbenalmadena.com\/fr\/securite-contre-le-covid-19\/\" \/>\n<meta property=\"og:locale\" content=\"fr_FR\" \/>\n<meta property=\"og:type\" content=\"article\" \/>\n<meta property=\"og:title\" content=\"S\u00e9curit\u00e9 contre le covid-19 | Serramar Benalmadena\" \/>\n<meta property=\"og:description\" content=\"L&#039;\u00e9quipe de Serramar Benalm\u00e1dena a travaill\u00e9 dur pour que votre repos soit relaxant, confortable et, surtout, s\u00fbr.\" \/>\n<meta property=\"og:url\" content=\"https:\/\/www.serramarbenalmadena.com\/fr\/securite-contre-le-covid-19\/\" \/>\n<meta property=\"og:site_name\" content=\"Serramar Benalmadena\" \/>\n<meta property=\"article:modified_time\" content=\"2020-06-23T20:27:42+00:00\" \/>\n<meta property=\"og:image\" content=\"https:\/\/www.serramarbenalmadena.com\/wp-content\/uploads\/Seguridad-frente-al-covid-19.jpg\" \/>\n\t<meta property=\"og:image:width\" content=\"1920\" \/>\n\t<meta property=\"og:image:height\" content=\"1440\" \/>\n\t<meta property=\"og:image:type\" content=\"image\/jpeg\" \/>\n<meta name=\"twitter:card\" content=\"summary_large_image\" \/>\n<meta name=\"twitter:label1\" content=\"Dur\u00e9e de lecture estim\u00e9e\" \/>\n\t<meta name=\"twitter:data1\" content=\"2 minutes\" \/>\n<script type=\"application\/ld+json\" class=\"yoast-schema-graph\">{\"@context\":\"https:\/\/schema.org\",\"@graph\":[{\"@type\":\"WebPage\",\"@id\":\"https:\/\/www.serramarbenalmadena.com\/fr\/securite-contre-le-covid-19\/\",\"url\":\"https:\/\/www.serramarbenalmadena.com\/fr\/securite-contre-le-covid-19\/\",\"name\":\"S\u00e9curit\u00e9 contre le covid-19 | Serramar Benalmadena\",\"isPartOf\":{\"@id\":\"https:\/\/www.serramarbenalmadena.com\/fr\/#website\"},\"primaryImageOfPage\":{\"@id\":\"https:\/\/www.serramarbenalmadena.com\/fr\/securite-contre-le-covid-19\/#primaryimage\"},\"image\":{\"@id\":\"https:\/\/www.serramarbenalmadena.com\/fr\/securite-contre-le-covid-19\/#primaryimage\"},\"thumbnailUrl\":\"https:\/\/www.serramarbenalmadena.com\/wp-content\/uploads\/Seguridad-frente-al-covid-19.jpg\",\"datePublished\":\"2020-06-23T20:25:15+00:00\",\"dateModified\":\"2020-06-23T20:27:42+00:00\",\"description\":\"L'\u00e9quipe de Serramar Benalm\u00e1dena a travaill\u00e9 dur pour que votre repos soit relaxant, confortable et, surtout, s\u00fbr.\",\"breadcrumb\":{\"@id\":\"https:\/\/www.serramarbenalmadena.com\/fr\/securite-contre-le-covid-19\/#breadcrumb\"},\"inLanguage\":\"fr-FR\",\"potentialAction\":[{\"@type\":\"ReadAction\",\"target\":[\"https:\/\/www.serramarbenalmadena.com\/fr\/securite-contre-le-covid-19\/\"]}]},{\"@type\":\"ImageObject\",\"inLanguage\":\"fr-FR\",\"@id\":\"https:\/\/www.serramarbenalmadena.com\/fr\/securite-contre-le-covid-19\/#primaryimage\",\"url\":\"https:\/\/www.serramarbenalmadena.com\/wp-content\/uploads\/Seguridad-frente-al-covid-19.jpg\",\"contentUrl\":\"https:\/\/www.serramarbenalmadena.com\/wp-content\/uploads\/Seguridad-frente-al-covid-19.jpg\",\"width\":1920,\"height\":1440},{\"@type\":\"BreadcrumbList\",\"@id\":\"https:\/\/www.serramarbenalmadena.com\/fr\/securite-contre-le-covid-19\/#breadcrumb\",\"itemListElement\":[{\"@type\":\"ListItem\",\"position\":1,\"name\":\"Portada\",\"item\":\"https:\/\/www.serramarbenalmadena.com\/fr\/\"},{\"@type\":\"ListItem\",\"position\":2,\"name\":\"S\u00e9curit\u00e9 contre le covid-19\"}]},{\"@type\":\"WebSite\",\"@id\":\"https:\/\/www.serramarbenalmadena.com\/fr\/#website\",\"url\":\"https:\/\/www.serramarbenalmadena.com\/fr\/\",\"name\":\"Serramar Benalmadena\",\"description\":\"Serramar Benalmadena\",\"publisher\":{\"@id\":\"https:\/\/www.serramarbenalmadena.com\/fr\/#organization\"},\"potentialAction\":[{\"@type\":\"SearchAction\",\"target\":{\"@type\":\"EntryPoint\",\"urlTemplate\":\"https:\/\/www.serramarbenalmadena.com\/fr\/?s={search_term_string}\"},\"query-input\":\"required name=search_term_string\"}],\"inLanguage\":\"fr-FR\"},{\"@type\":\"Organization\",\"@id\":\"https:\/\/www.serramarbenalmadena.com\/fr\/#organization\",\"name\":\"Pensi\u00f3n Serramar\",\"url\":\"https:\/\/www.serramarbenalmadena.com\/fr\/\",\"logo\":{\"@type\":\"ImageObject\",\"inLanguage\":\"fr-FR\",\"@id\":\"https:\/\/www.serramarbenalmadena.com\/fr\/#\/schema\/logo\/image\/\",\"url\":\"https:\/\/www.serramarbenalmadena.com\/wp-content\/uploads\/Logo-Serramar-01.png\",\"contentUrl\":\"https:\/\/www.serramarbenalmadena.com\/wp-content\/uploads\/Logo-Serramar-01.png\",\"width\":754,\"height\":253,\"caption\":\"Pensi\u00f3n Serramar\"},\"image\":{\"@id\":\"https:\/\/www.serramarbenalmadena.com\/fr\/#\/schema\/logo\/image\/\"}}]}<\/script>\n<!-- \/ Yoast SEO plugin. -->","yoast_head_json":{"title":"S\u00e9curit\u00e9 contre le covid-19 | Serramar Benalmadena","description":"L'\u00e9quipe de Serramar Benalm\u00e1dena a travaill\u00e9 dur pour que votre repos soit relaxant, confortable et, surtout, s\u00fbr.","robots":{"index":"index","follow":"follow","max-snippet":"max-snippet:-1","max-image-preview":"max-image-preview:large","max-video-preview":"max-video-preview:-1"},"canonical":"https:\/\/www.serramarbenalmadena.com\/fr\/securite-contre-le-covid-19\/","og_locale":"fr_FR","og_type":"article","og_title":"S\u00e9curit\u00e9 contre le covid-19 | Serramar Benalmadena","og_description":"L'\u00e9quipe de Serramar Benalm\u00e1dena a travaill\u00e9 dur pour que votre repos soit relaxant, confortable et, surtout, s\u00fbr.","og_url":"https:\/\/www.serramarbenalmadena.com\/fr\/securite-contre-le-covid-19\/","og_site_name":"Serramar Benalmadena","article_modified_time":"2020-06-23T20:27:42+00:00","og_image":[{"width":1920,"height":1440,"url":"https:\/\/www.serramarbenalmadena.com\/wp-content\/uploads\/Seguridad-frente-al-covid-19.jpg","type":"image\/jpeg"}],"twitter_card":"summary_large_image","twitter_misc":{"Dur\u00e9e de lecture estim\u00e9e":"2 minutes"},"schema":{"@context":"https:\/\/schema.org","@graph":[{"@type":"WebPage","@id":"https:\/\/www.serramarbenalmadena.com\/fr\/securite-contre-le-covid-19\/","url":"https:\/\/www.serramarbenalmadena.com\/fr\/securite-contre-le-covid-19\/","name":"S\u00e9curit\u00e9 contre le covid-19 | Serramar Benalmadena","isPartOf":{"@id":"https:\/\/www.serramarbenalmadena.com\/fr\/#website"},"primaryImageOfPage":{"@id":"https:\/\/www.serramarbenalmadena.com\/fr\/securite-contre-le-covid-19\/#primaryimage"},"image":{"@id":"https:\/\/www.serramarbenalmadena.com\/fr\/securite-contre-le-covid-19\/#primaryimage"},"thumbnailUrl":"https:\/\/www.serramarbenalmadena.com\/wp-content\/uploads\/Seguridad-frente-al-covid-19.jpg","datePublished":"2020-06-23T20:25:15+00:00","dateModified":"2020-06-23T20:27:42+00:00","description":"L'\u00e9quipe de Serramar Benalm\u00e1dena a travaill\u00e9 dur pour que votre repos soit relaxant, confortable et, surtout, s\u00fbr.","breadcrumb":{"@id":"https:\/\/www.serramarbenalmadena.com\/fr\/securite-contre-le-covid-19\/#breadcrumb"},"inLanguage":"fr-FR","potentialAction":[{"@type":"ReadAction","target":["https:\/\/www.serramarbenalmadena.com\/fr\/securite-contre-le-covid-19\/"]}]},{"@type":"ImageObject","inLanguage":"fr-FR","@id":"https:\/\/www.serramarbenalmadena.com\/fr\/securite-contre-le-covid-19\/#primaryimage","url":"https:\/\/www.serramarbenalmadena.com\/wp-content\/uploads\/Seguridad-frente-al-covid-19.jpg","contentUrl":"https:\/\/www.serramarbenalmadena.com\/wp-content\/uploads\/Seguridad-frente-al-covid-19.jpg","width":1920,"height":1440},{"@type":"BreadcrumbList","@id":"https:\/\/www.serramarbenalmadena.com\/fr\/securite-contre-le-covid-19\/#breadcrumb","itemListElement":[{"@type":"ListItem","position":1,"name":"Portada","item":"https:\/\/www.serramarbenalmadena.com\/fr\/"},{"@type":"ListItem","position":2,"name":"S\u00e9curit\u00e9 contre le covid-19"}]},{"@type":"WebSite","@id":"https:\/\/www.serramarbenalmadena.com\/fr\/#website","url":"https:\/\/www.serramarbenalmadena.com\/fr\/","name":"Serramar Benalmadena","description":"Serramar Benalmadena","publisher":{"@id":"https:\/\/www.serramarbenalmadena.com\/fr\/#organization"},"potentialAction":[{"@type":"SearchAction","target":{"@type":"EntryPoint","urlTemplate":"https:\/\/www.serramarbenalmadena.com\/fr\/?s={search_term_string}"},"query-input":"required name=search_term_string"}],"inLanguage":"fr-FR"},{"@type":"Organization","@id":"https:\/\/www.serramarbenalmadena.com\/fr\/#organization","name":"Pensi\u00f3n Serramar","url":"https:\/\/www.serramarbenalmadena.com\/fr\/","logo":{"@type":"ImageObject","inLanguage":"fr-FR","@id":"https:\/\/www.serramarbenalmadena.com\/fr\/#\/schema\/logo\/image\/","url":"https:\/\/www.serramarbenalmadena.com\/wp-content\/uploads\/Logo-Serramar-01.png","contentUrl":"https:\/\/www.serramarbenalmadena.com\/wp-content\/uploads\/Logo-Serramar-01.png","width":754,"height":253,"caption":"Pensi\u00f3n Serramar"},"image":{"@id":"https:\/\/www.serramarbenalmadena.com\/fr\/#\/schema\/logo\/image\/"}}]}},"_links":{"self":[{"href":"https:\/\/www.serramarbenalmadena.com\/fr\/wp-json\/wp\/v2\/pages\/1206","targetHints":{"allow":["GET"]}}],"collection":[{"href":"https:\/\/www.serramarbenalmadena.com\/fr\/wp-json\/wp\/v2\/pages"}],"about":[{"href":"https:\/\/www.serramarbenalmadena.com\/fr\/wp-json\/wp\/v2\/types\/page"}],"author":[{"embeddable":true,"href":"https:\/\/www.serramarbenalmadena.com\/fr\/wp-json\/wp\/v2\/users\/6"}],"replies":[{"embeddable":true,"href":"https:\/\/www.serramarbenalmadena.com\/fr\/wp-json\/wp\/v2\/comments?post=1206"}],"version-history":[{"count":3,"href":"https:\/\/www.serramarbenalmadena.com\/fr\/wp-json\/wp\/v2\/pages\/1206\/revisions"}],"predecessor-version":[{"id":1209,"href":"https:\/\/www.serramarbenalmadena.com\/fr\/wp-json\/wp\/v2\/pages\/1206\/revisions\/1209"}],"wp:featuredmedia":[{"embeddable":true,"href":"https:\/\/www.serramarbenalmadena.com\/fr\/wp-json\/wp\/v2\/media\/1191"}],"wp:attachment":[{"href":"https:\/\/www.serramarbenalmadena.com\/fr\/wp-json\/wp\/v2\/media?parent=1206"}],"curies":[{"name":"wp","href":"https:\/\/api.w.org\/{rel}","templated":true}]}}