{"id":1123,"date":"2020-02-05T11:11:12","date_gmt":"2020-02-05T11:11:12","guid":{"rendered":"https:\/\/www.serramarbenalmadena.com\/faq\/"},"modified":"2020-02-26T15:42:33","modified_gmt":"2020-02-26T15:42:33","slug":"faq","status":"publish","type":"page","link":"https:\/\/www.serramarbenalmadena.com\/fr\/faq\/","title":{"rendered":"FAQ"},"content":{"rendered":"<p>[vc_row css_animation=\u00a0\u00bb\u00a0\u00bb row_type=\u00a0\u00bbrow\u00a0\u00bb use_row_as_full_screen_section=\u00a0\u00bbno\u00a0\u00bb type=\u00a0\u00bbgrid\u00a0\u00bb angled_section=\u00a0\u00bbno\u00a0\u00bb text_align=\u00a0\u00bbleft\u00a0\u00bb background_image_as_pattern=\u00a0\u00bbwithout_pattern\u00a0\u00bb z_index=\u00a0\u00bb\u00a0\u00bb css=\u00a0\u00bb.vc_custom_1526752806428{padding-top: 60px !important;}\u00a0\u00bb][vc_column width=\u00a0\u00bb1\/2&Prime;][vc_column_text]<\/p>\n<h2>FAQ<\/h2>\n<p>[\/vc_column_text][\/vc_column][vc_column width=\u00a0\u00bb1\/2&Prime;][\/vc_column][\/vc_row][vc_row css_animation=\u00a0\u00bb\u00a0\u00bb row_type=\u00a0\u00bbrow\u00a0\u00bb use_row_as_full_screen_section=\u00a0\u00bbno\u00a0\u00bb type=\u00a0\u00bbgrid\u00a0\u00bb angled_section=\u00a0\u00bbno\u00a0\u00bb text_align=\u00a0\u00bbleft\u00a0\u00bb background_image_as_pattern=\u00a0\u00bbwithout_pattern\u00a0\u00bb z_index=\u00a0\u00bb\u00a0\u00bb css=\u00a0\u00bb.vc_custom_1526752811207{padding-top: 60px !important;padding-bottom: 60px !important;}\u00a0\u00bb][vc_column width=\u00a0\u00bb7\/12&Prime;][vc_column_text]Vous trouverez sur cette page les questions fr\u00e9quemment pos\u00e9es par nos clients. Si vous avez d&rsquo;autres questions, n&rsquo;h\u00e9sitez pas <a href=\"https:\/\/www.serramarbenalmadena.com\/fr\/contactez-nous\/\"> \u00e0 nous contacter.<\/a>.[\/vc_column_text][vc_empty_space height=\u00a0\u00bb33px\u00a0\u00bb]<div class=\"qode-accordion-holder clearfix qode-toggle qode-initial \">\r\n\t<h5 class=\"clearfix qode-title-holder\">\r\n<span class=\"qode-tab-title\">\r\n\t    <span class=\"qode-tab-title-inner\">\r\n        Quels sont les horaires d\u2019arriv\u00e9e et de d\u00e9part ?    <\/span>\r\n<\/span>\r\n<span class=\"qode-accordion-mark\">\r\n    <span class=\"qode-accordion-mark-icon\">\r\n        <span class=\"icon_plus\"><\/span>\r\n        <span class=\"icon_minus-06\"><\/span>\r\n    <\/span>\r\n<\/span>\r\n<\/h5>\r\n<div  class=\"qode-accordion-content \" >\r\n    <div class=\"qode-accordion-content-inner\">\r\n        [vc_column_text]Arriv\u00e9e \u00e0 partir de 13 h et d\u00e9part jusqu&rsquo;\u00e0 12 h[\/vc_column_text]    <\/div>\r\n<\/div><h5 class=\"clearfix qode-title-holder\">\r\n<span class=\"qode-tab-title\">\r\n\t    <span class=\"qode-tab-title-inner\">\r\n        Quel est le tarif pour une arriv\u00e9e tardive ?    <\/span>\r\n<\/span>\r\n<span class=\"qode-accordion-mark\">\r\n    <span class=\"qode-accordion-mark-icon\">\r\n        <span class=\"icon_plus\"><\/span>\r\n        <span class=\"icon_minus-06\"><\/span>\r\n    <\/span>\r\n<\/span>\r\n<\/h5>\r\n<div  class=\"qode-accordion-content \" >\r\n    <div class=\"qode-accordion-content-inner\">\r\n        [vc_column_text]Nous vous accueillons 24 heures sur 24 sans frais suppl\u00e9mentaire. L\u2019 <em>arriv\u00e9e <\/em>\u00a0se fait \u00e0 partir de 13 h <em>check-out<\/em> et le d\u00e9partjusqu\u2019\u00e0 12 h. Si votre chambre est pr\u00eate avant, vous pourrez vous y installer.[\/vc_column_text]    <\/div>\r\n<\/div><h5 class=\"clearfix qode-title-holder\">\r\n<span class=\"qode-tab-title\">\r\n\t    <span class=\"qode-tab-title-inner\">\r\n        Quels sont les frais d&#039;annulation de ma r\u00e9servation ?    <\/span>\r\n<\/span>\r\n<span class=\"qode-accordion-mark\">\r\n    <span class=\"qode-accordion-mark-icon\">\r\n        <span class=\"icon_plus\"><\/span>\r\n        <span class=\"icon_minus-06\"><\/span>\r\n    <\/span>\r\n<\/span>\r\n<\/h5>\r\n<div  class=\"qode-accordion-content \" >\r\n    <div class=\"qode-accordion-content-inner\">\r\n        [vc_column_text]Si vous avez une r\u00e9servation au <strong> TARIF STANDARD <\/strong> vous pouvez annuler la r\u00e9servation gratuitement jusqu\u2019\u00e0 5 jours avant la date d\u2019arriv\u00e9e. Vous devrez payer le tarif de la premi\u00e8re nuit si vous annulez dans les 5 jours qui pr\u00e9c\u00e8dent imm\u00e9diatement la date d\u2019arriv\u00e9e.<br \/>\nLe client devra payer \u00e0 l&rsquo;avance la premi\u00e8re nuit apr\u00e8s avoir r\u00e9alis\u00e9 la r\u00e9servation.<br \/>\n\u2013<br \/>\nSi vous annulez, modifiez ou ne vous pr\u00e9sentez pas en ayant une r\u00e9servation <strong>NON REMBOURSABLE<\/strong> l\u2019\u00e9tablissement facturera la premi\u00e8re nuit.<br \/>\nLe montant de la premi\u00e8re nuit de la r\u00e9servation sera factur\u00e9 \u00e0 tout moment apr\u00e8s avoir effectu\u00e9 la r\u00e9servation.[\/vc_column_text]    <\/div>\r\n<\/div><h5 class=\"clearfix qode-title-holder\">\r\n<span class=\"qode-tab-title\">\r\n\t    <span class=\"qode-tab-title-inner\">\r\n        Les animaux de compagnie sont-ils autoris\u00e9s ?    <\/span>\r\n<\/span>\r\n<span class=\"qode-accordion-mark\">\r\n    <span class=\"qode-accordion-mark-icon\">\r\n        <span class=\"icon_plus\"><\/span>\r\n        <span class=\"icon_minus-06\"><\/span>\r\n    <\/span>\r\n<\/span>\r\n<\/h5>\r\n<div  class=\"qode-accordion-content \" >\r\n    <div class=\"qode-accordion-content-inner\">\r\n        [vc_column_text]Non, nous sommes d\u00e9sol\u00e9s, nous n\u2019acceptons pas les animaux de compagnie dans notre \u00e9tablissement.[\/vc_column_text]    <\/div>\r\n<\/div><h5 class=\"clearfix qode-title-holder\">\r\n<span class=\"qode-tab-title\">\r\n\t    <span class=\"qode-tab-title-inner\">\r\n        L\u2019\u00e9tablissement dispose-t-il d&#039;un parking ?    <\/span>\r\n<\/span>\r\n<span class=\"qode-accordion-mark\">\r\n    <span class=\"qode-accordion-mark-icon\">\r\n        <span class=\"icon_plus\"><\/span>\r\n        <span class=\"icon_minus-06\"><\/span>\r\n    <\/span>\r\n<\/span>\r\n<\/h5>\r\n<div  class=\"qode-accordion-content \" >\r\n    <div class=\"qode-accordion-content-inner\">\r\n        [vc_column_text]L\u2019\u00e9tablissement n\u2019a pas de parking, mais il y en a deux qui se trouvent tout pr\u00eat:<\/p>\n<ul>\n<li><a href=\"https:\/\/www.google.es\/maps\/dir\/Parking+plaza+de+la+mezquita,+Calle+del+Pilar,+Benalm%C3%A1dena\/Serramar,+Calle+las+Flores,+5,+29631+Benalm%C3%A1dena,+M%C3%A1laga\/@36.5992223,-4.5333223,19z\/data=!3m1!4b1!4m14!4m13!1m5!1m1!1s0xd72fc90097b1a6f:0xbbe673e4d706c460!2m2!1d-4.5324416!2d36.5987948!1m5!1m1!1s0xd72fc9a9478f22b:0xc6c734ad44a765bb!2m2!1d-4.533092!2d36.600014!3e0\" target=\"_blank\" rel=\"noopener noreferrer\">Parking Plaza Mezquita<\/a><\/li>\n<li><a href=\"https:\/\/www.google.es\/maps\/dir\/Parking+explanada+del+Tivoli,+Avenida+Manantial,+Benalm%C3%A1dena\/Serramar,+Calle+las+Flores,+5,+29631+Benalm%C3%A1dena,+M%C3%A1laga\/@36.5988093,-4.5380156,17z\/data=!3m1!4b1!4m14!4m13!1m5!1m1!1s0xd72fc99b9a6dc21:0x8868311fc7d0f19c!2m2!1d-4.5384419!2d36.6003447!1m5!1m1!1s0xd72fc9a9478f22b:0xc6c734ad44a765bb!2m2!1d-4.533092!2d36.600014!3e0\" target=\"_blank\" rel=\"noopener noreferrer\">Parking Tivoli<\/a>\u00a0(Interdit de se garer le jeudi soir)<\/li>\n<\/ul>\n<p>[\/vc_column_text]    <\/div>\r\n<\/div><h5 class=\"clearfix qode-title-holder\">\r\n<span class=\"qode-tab-title\">\r\n\t    <span class=\"qode-tab-title-inner\">\r\n        Le Wi-Fi est-il gratuit ?    <\/span>\r\n<\/span>\r\n<span class=\"qode-accordion-mark\">\r\n    <span class=\"qode-accordion-mark-icon\">\r\n        <span class=\"icon_plus\"><\/span>\r\n        <span class=\"icon_minus-06\"><\/span>\r\n    <\/span>\r\n<\/span>\r\n<\/h5>\r\n<div  class=\"qode-accordion-content \" >\r\n    <div class=\"qode-accordion-content-inner\">\r\n        [vc_column_text]Oui, dans les parties communes, le Wi-Fi est gratuit.[\/vc_column_text]    <\/div>\r\n<\/div><h5 class=\"clearfix qode-title-holder\">\r\n<span class=\"qode-tab-title\">\r\n\t    <span class=\"qode-tab-title-inner\">\r\n        Y a-t-il un s\u00e8che-cheveux ?    <\/span>\r\n<\/span>\r\n<span class=\"qode-accordion-mark\">\r\n    <span class=\"qode-accordion-mark-icon\">\r\n        <span class=\"icon_plus\"><\/span>\r\n        <span class=\"icon_minus-06\"><\/span>\r\n    <\/span>\r\n<\/span>\r\n<\/h5>\r\n<div  class=\"qode-accordion-content \" >\r\n    <div class=\"qode-accordion-content-inner\">\r\n        [vc_column_text]Non, nous sommes d\u00e9sol\u00e9s, nous ne fournissons pas de s\u00e8che-cheveux dans notre \u00e9tablissement.[\/vc_column_text]    <\/div>\r\n<\/div><h5 class=\"clearfix qode-title-holder\">\r\n<span class=\"qode-tab-title\">\r\n\t    <span class=\"qode-tab-title-inner\">\r\n        Pourquoi le prix est-il variable ?    <\/span>\r\n<\/span>\r\n<span class=\"qode-accordion-mark\">\r\n    <span class=\"qode-accordion-mark-icon\">\r\n        <span class=\"icon_plus\"><\/span>\r\n        <span class=\"icon_minus-06\"><\/span>\r\n    <\/span>\r\n<\/span>\r\n<\/h5>\r\n<div  class=\"qode-accordion-content \" >\r\n    <div class=\"qode-accordion-content-inner\">\r\n        [vc_column_text]Nos prix sont fix\u00e9s de mani\u00e8re dynamique, en nous adaptons \u00e0 diff\u00e9rents facteurs, tels que la demande ou l\u2019anticipation des dates. Cela repr\u00e9sente un grand avantage, car vous pouvez \u00e9conomiser si vous organisez \u00e0 l\u2019avance votre voyage \u00e0 Benalm\u00e1dena ou si vous voyagez en basse saison.[\/vc_column_text]    <\/div>\r\n<\/div><h5 class=\"clearfix qode-title-holder\">\r\n<span class=\"qode-tab-title\">\r\n\t    <span class=\"qode-tab-title-inner\">\r\n        Comment se rendre \u00e0 la pension Serramar ?    <\/span>\r\n<\/span>\r\n<span class=\"qode-accordion-mark\">\r\n    <span class=\"qode-accordion-mark-icon\">\r\n        <span class=\"icon_plus\"><\/span>\r\n        <span class=\"icon_minus-06\"><\/span>\r\n    <\/span>\r\n<\/span>\r\n<\/h5>\r\n<div  class=\"qode-accordion-content \" >\r\n    <div class=\"qode-accordion-content-inner\">\r\n        [vc_column_text]Si vous avez besoin de savoir o\u00f9 se trouve notre \u00e9tablissement ou comment vous rendre jusqu\u2019ici, cliquez sur l&rsquo;onglet \u00ab contact \u00bb sur le web pour avoir tous les d\u00e9tails ou simplement <a href=\"https:\/\/www.serramarbenalmadena.com\/fr\/contactez-nous\/\">cliquez ici<\/a>.[\/vc_column_text]    <\/div>\r\n<\/div><h5 class=\"clearfix qode-title-holder\">\r\n<span class=\"qode-tab-title\">\r\n\t    <span class=\"qode-tab-title-inner\">\r\n        L&#039;\u00e9tablissement est-il adapt\u00e9 et accessible aux personnes \u00e0 mobilit\u00e9 r\u00e9duite ?    <\/span>\r\n<\/span>\r\n<span class=\"qode-accordion-mark\">\r\n    <span class=\"qode-accordion-mark-icon\">\r\n        <span class=\"icon_plus\"><\/span>\r\n        <span class=\"icon_minus-06\"><\/span>\r\n    <\/span>\r\n<\/span>\r\n<\/h5>\r\n<div  class=\"qode-accordion-content \" >\r\n    <div class=\"qode-accordion-content-inner\">\r\n        [vc_column_text]Non, d\u00e9sol\u00e9, notre \u00e9tablissement n&rsquo;a pas de chambres adapt\u00e9es et accessibles aux personnes \u00e0 mobilit\u00e9 r\u00e9duite.[\/vc_column_text]    <\/div>\r\n<\/div><\/div>[vc_empty_space height=\u00a0\u00bb50px\u00a0\u00bb][\/vc_column][vc_column width=\u00a0\u00bb1\/12&Prime;][\/vc_column][vc_column width=\u00a0\u00bb4\/12&Prime;][vc_column_text]<\/p>\n<h4><strong>R\u00e9servez directement aupr\u00e8s de nous.<\/strong><\/h4>\n<p>&nbsp;<\/p>\n<p>Sur notre page web, vous trouverez toujours <strong> le meilleur prix et les meilleures offres <\/strong> pour nos chambres.[\/vc_column_text][vc_empty_space height=\u00a0\u00bb33px\u00a0\u00bb]<a  itemprop=\"url\" href=\"https:\/\/www.serramarbenalmadena.com\/fr\/reserve\/\" target=\"_blank\"  class=\"qbutton  big_large_full_width center default button-full-width\" style=\"\">R\u00e9servez votre chambre<\/a>[vc_empty_space height=\u00a0\u00bb33px\u00a0\u00bb]<a  itemprop=\"url\" href=\"https:\/\/www.serramarbenalmadena.com\/fr\/nos-chambres\/\" target=\"_self\" data-hover-background-color='#0cd17f' data-hover-border-color='#0cd17f' data-hover-color='#ffffff' class=\"qbutton  big_large_full_width center default\" style=\"color: #ffffff; border-color: #e2e3dc; background-color: #e2e3dc;\">Voir toutes nos chambres<\/a>[vc_empty_space height=\u00a0\u00bb33px\u00a0\u00bb]<a  itemprop=\"url\" href=\"https:\/\/www.serramarbenalmadena.com\/fr\/contactez-nous\/\" target=\"_self\" data-hover-background-color='#0cd17f' data-hover-border-color='#0cd17f' data-hover-color='#ffffff' class=\"qbutton  big_large_full_width center default\" style=\"color: #ffffff; border-color: #e2e3dc; background-color: #e2e3dc;\">Contactez-nous<\/a>[vc_empty_space height=\u00a0\u00bb33px\u00a0\u00bb][\/vc_column][\/vc_row]<\/p>\n","protected":false},"excerpt":{"rendered":"<p>[vc_row css_animation=\u00a0\u00bb\u00a0\u00bb row_type=\u00a0\u00bbrow\u00a0\u00bb use_row_as_full_screen_section=\u00a0\u00bbno\u00a0\u00bb type=\u00a0\u00bbgrid\u00a0\u00bb angled_section=\u00a0\u00bbno\u00a0\u00bb text_align=\u00a0\u00bbleft\u00a0\u00bb background_image_as_pattern=\u00a0\u00bbwithout_pattern\u00a0\u00bb z_index=\u00a0\u00bb\u00a0\u00bb css=\u00a0\u00bb.vc_custom_1526752806428{padding-top: 60px !important;}\u00a0\u00bb][vc_column width=\u00a0\u00bb1\/2&Prime;][vc_column_text] FAQ [\/vc_column_text][\/vc_column][vc_column width=\u00a0\u00bb1\/2&Prime;][\/vc_column][\/vc_row][vc_row css_animation=\u00a0\u00bb\u00a0\u00bb row_type=\u00a0\u00bbrow\u00a0\u00bb use_row_as_full_screen_section=\u00a0\u00bbno\u00a0\u00bb type=\u00a0\u00bbgrid\u00a0\u00bb angled_section=\u00a0\u00bbno\u00a0\u00bb text_align=\u00a0\u00bbleft\u00a0\u00bb background_image_as_pattern=\u00a0\u00bbwithout_pattern\u00a0\u00bb z_index=\u00a0\u00bb\u00a0\u00bb css=\u00a0\u00bb.vc_custom_1526752811207{padding-top: 60px !important;padding-bottom: 60px !important;}\u00a0\u00bb][vc_column width=\u00a0\u00bb7\/12&Prime;][vc_column_text]Vous trouverez sur cette page les questions fr\u00e9quemment pos\u00e9es par nos clients. Si vous avez d&rsquo;autres&#8230;<\/p>\n","protected":false},"author":6,"featured_media":0,"parent":0,"menu_order":0,"comment_status":"closed","ping_status":"closed","template":"","meta":{"footnotes":""},"class_list":["post-1123","page","type-page","status-publish","hentry"],"yoast_head":"<!-- This site is optimized with the Yoast SEO plugin v22.8 - https:\/\/yoast.com\/wordpress\/plugins\/seo\/ -->\n<title>FAQ | Serramar Benalmadena<\/title>\n<meta name=\"robots\" content=\"index, follow, max-snippet:-1, max-image-preview:large, max-video-preview:-1\" \/>\n<link rel=\"canonical\" href=\"https:\/\/www.serramarbenalmadena.com\/fr\/faq\/\" \/>\n<meta property=\"og:locale\" content=\"fr_FR\" \/>\n<meta property=\"og:type\" content=\"article\" \/>\n<meta property=\"og:title\" content=\"FAQ | Serramar Benalmadena\" \/>\n<meta property=\"og:description\" content=\"[vc_row css_animation=\u00a0\u00bb\u00a0\u00bb row_type=\u00a0\u00bbrow\u00a0\u00bb use_row_as_full_screen_section=\u00a0\u00bbno\u00a0\u00bb type=\u00a0\u00bbgrid\u00a0\u00bb angled_section=\u00a0\u00bbno\u00a0\u00bb text_align=\u00a0\u00bbleft\u00a0\u00bb background_image_as_pattern=\u00a0\u00bbwithout_pattern\u00a0\u00bb z_index=\u00a0\u00bb\u00a0\u00bb css=\u00a0\u00bb.vc_custom_1526752806428{padding-top: 60px !important;}\u00a0\u00bb][vc_column width=\u00a0\u00bb1\/2&Prime;][vc_column_text] FAQ [\/vc_column_text][\/vc_column][vc_column width=\u00a0\u00bb1\/2&Prime;][\/vc_column][\/vc_row][vc_row css_animation=\u00a0\u00bb\u00a0\u00bb row_type=\u00a0\u00bbrow\u00a0\u00bb use_row_as_full_screen_section=\u00a0\u00bbno\u00a0\u00bb type=\u00a0\u00bbgrid\u00a0\u00bb angled_section=\u00a0\u00bbno\u00a0\u00bb text_align=\u00a0\u00bbleft\u00a0\u00bb background_image_as_pattern=\u00a0\u00bbwithout_pattern\u00a0\u00bb z_index=\u00a0\u00bb\u00a0\u00bb css=\u00a0\u00bb.vc_custom_1526752811207{padding-top: 60px !important;padding-bottom: 60px !important;}\u00a0\u00bb][vc_column width=\u00a0\u00bb7\/12&Prime;][vc_column_text]Vous trouverez sur cette page les questions fr\u00e9quemment pos\u00e9es par nos clients. Si vous avez d&rsquo;autres...\" \/>\n<meta property=\"og:url\" content=\"https:\/\/www.serramarbenalmadena.com\/fr\/faq\/\" \/>\n<meta property=\"og:site_name\" content=\"Serramar Benalmadena\" \/>\n<meta property=\"article:modified_time\" content=\"2020-02-26T15:42:33+00:00\" \/>\n<meta name=\"twitter:card\" content=\"summary_large_image\" \/>\n<meta name=\"twitter:label1\" content=\"Dur\u00e9e de lecture estim\u00e9e\" \/>\n\t<meta name=\"twitter:data1\" content=\"5 minutes\" \/>\n<script type=\"application\/ld+json\" class=\"yoast-schema-graph\">{\"@context\":\"https:\/\/schema.org\",\"@graph\":[{\"@type\":\"WebPage\",\"@id\":\"https:\/\/www.serramarbenalmadena.com\/fr\/faq\/\",\"url\":\"https:\/\/www.serramarbenalmadena.com\/fr\/faq\/\",\"name\":\"FAQ | Serramar Benalmadena\",\"isPartOf\":{\"@id\":\"https:\/\/www.serramarbenalmadena.com\/fr\/#website\"},\"datePublished\":\"2020-02-05T11:11:12+00:00\",\"dateModified\":\"2020-02-26T15:42:33+00:00\",\"breadcrumb\":{\"@id\":\"https:\/\/www.serramarbenalmadena.com\/fr\/faq\/#breadcrumb\"},\"inLanguage\":\"fr-FR\",\"potentialAction\":[{\"@type\":\"ReadAction\",\"target\":[\"https:\/\/www.serramarbenalmadena.com\/fr\/faq\/\"]}]},{\"@type\":\"BreadcrumbList\",\"@id\":\"https:\/\/www.serramarbenalmadena.com\/fr\/faq\/#breadcrumb\",\"itemListElement\":[{\"@type\":\"ListItem\",\"position\":1,\"name\":\"Portada\",\"item\":\"https:\/\/www.serramarbenalmadena.com\/fr\/\"},{\"@type\":\"ListItem\",\"position\":2,\"name\":\"FAQ\"}]},{\"@type\":\"WebSite\",\"@id\":\"https:\/\/www.serramarbenalmadena.com\/fr\/#website\",\"url\":\"https:\/\/www.serramarbenalmadena.com\/fr\/\",\"name\":\"Serramar Benalmadena\",\"description\":\"Serramar Benalmadena\",\"publisher\":{\"@id\":\"https:\/\/www.serramarbenalmadena.com\/fr\/#organization\"},\"potentialAction\":[{\"@type\":\"SearchAction\",\"target\":{\"@type\":\"EntryPoint\",\"urlTemplate\":\"https:\/\/www.serramarbenalmadena.com\/fr\/?s={search_term_string}\"},\"query-input\":\"required name=search_term_string\"}],\"inLanguage\":\"fr-FR\"},{\"@type\":\"Organization\",\"@id\":\"https:\/\/www.serramarbenalmadena.com\/fr\/#organization\",\"name\":\"Pensi\u00f3n Serramar\",\"url\":\"https:\/\/www.serramarbenalmadena.com\/fr\/\",\"logo\":{\"@type\":\"ImageObject\",\"inLanguage\":\"fr-FR\",\"@id\":\"https:\/\/www.serramarbenalmadena.com\/fr\/#\/schema\/logo\/image\/\",\"url\":\"https:\/\/www.serramarbenalmadena.com\/wp-content\/uploads\/Logo-Serramar-01.png\",\"contentUrl\":\"https:\/\/www.serramarbenalmadena.com\/wp-content\/uploads\/Logo-Serramar-01.png\",\"width\":754,\"height\":253,\"caption\":\"Pensi\u00f3n Serramar\"},\"image\":{\"@id\":\"https:\/\/www.serramarbenalmadena.com\/fr\/#\/schema\/logo\/image\/\"}}]}<\/script>\n<!-- \/ Yoast SEO plugin. -->","yoast_head_json":{"title":"FAQ | Serramar Benalmadena","robots":{"index":"index","follow":"follow","max-snippet":"max-snippet:-1","max-image-preview":"max-image-preview:large","max-video-preview":"max-video-preview:-1"},"canonical":"https:\/\/www.serramarbenalmadena.com\/fr\/faq\/","og_locale":"fr_FR","og_type":"article","og_title":"FAQ | Serramar Benalmadena","og_description":"[vc_row css_animation=\u00a0\u00bb\u00a0\u00bb row_type=\u00a0\u00bbrow\u00a0\u00bb use_row_as_full_screen_section=\u00a0\u00bbno\u00a0\u00bb type=\u00a0\u00bbgrid\u00a0\u00bb angled_section=\u00a0\u00bbno\u00a0\u00bb text_align=\u00a0\u00bbleft\u00a0\u00bb background_image_as_pattern=\u00a0\u00bbwithout_pattern\u00a0\u00bb z_index=\u00a0\u00bb\u00a0\u00bb css=\u00a0\u00bb.vc_custom_1526752806428{padding-top: 60px !important;}\u00a0\u00bb][vc_column width=\u00a0\u00bb1\/2&Prime;][vc_column_text] FAQ [\/vc_column_text][\/vc_column][vc_column width=\u00a0\u00bb1\/2&Prime;][\/vc_column][\/vc_row][vc_row css_animation=\u00a0\u00bb\u00a0\u00bb row_type=\u00a0\u00bbrow\u00a0\u00bb use_row_as_full_screen_section=\u00a0\u00bbno\u00a0\u00bb type=\u00a0\u00bbgrid\u00a0\u00bb angled_section=\u00a0\u00bbno\u00a0\u00bb text_align=\u00a0\u00bbleft\u00a0\u00bb background_image_as_pattern=\u00a0\u00bbwithout_pattern\u00a0\u00bb z_index=\u00a0\u00bb\u00a0\u00bb css=\u00a0\u00bb.vc_custom_1526752811207{padding-top: 60px !important;padding-bottom: 60px !important;}\u00a0\u00bb][vc_column width=\u00a0\u00bb7\/12&Prime;][vc_column_text]Vous trouverez sur cette page les questions fr\u00e9quemment pos\u00e9es par nos clients. Si vous avez d&rsquo;autres...","og_url":"https:\/\/www.serramarbenalmadena.com\/fr\/faq\/","og_site_name":"Serramar Benalmadena","article_modified_time":"2020-02-26T15:42:33+00:00","twitter_card":"summary_large_image","twitter_misc":{"Dur\u00e9e de lecture estim\u00e9e":"5 minutes"},"schema":{"@context":"https:\/\/schema.org","@graph":[{"@type":"WebPage","@id":"https:\/\/www.serramarbenalmadena.com\/fr\/faq\/","url":"https:\/\/www.serramarbenalmadena.com\/fr\/faq\/","name":"FAQ | Serramar Benalmadena","isPartOf":{"@id":"https:\/\/www.serramarbenalmadena.com\/fr\/#website"},"datePublished":"2020-02-05T11:11:12+00:00","dateModified":"2020-02-26T15:42:33+00:00","breadcrumb":{"@id":"https:\/\/www.serramarbenalmadena.com\/fr\/faq\/#breadcrumb"},"inLanguage":"fr-FR","potentialAction":[{"@type":"ReadAction","target":["https:\/\/www.serramarbenalmadena.com\/fr\/faq\/"]}]},{"@type":"BreadcrumbList","@id":"https:\/\/www.serramarbenalmadena.com\/fr\/faq\/#breadcrumb","itemListElement":[{"@type":"ListItem","position":1,"name":"Portada","item":"https:\/\/www.serramarbenalmadena.com\/fr\/"},{"@type":"ListItem","position":2,"name":"FAQ"}]},{"@type":"WebSite","@id":"https:\/\/www.serramarbenalmadena.com\/fr\/#website","url":"https:\/\/www.serramarbenalmadena.com\/fr\/","name":"Serramar Benalmadena","description":"Serramar Benalmadena","publisher":{"@id":"https:\/\/www.serramarbenalmadena.com\/fr\/#organization"},"potentialAction":[{"@type":"SearchAction","target":{"@type":"EntryPoint","urlTemplate":"https:\/\/www.serramarbenalmadena.com\/fr\/?s={search_term_string}"},"query-input":"required name=search_term_string"}],"inLanguage":"fr-FR"},{"@type":"Organization","@id":"https:\/\/www.serramarbenalmadena.com\/fr\/#organization","name":"Pensi\u00f3n Serramar","url":"https:\/\/www.serramarbenalmadena.com\/fr\/","logo":{"@type":"ImageObject","inLanguage":"fr-FR","@id":"https:\/\/www.serramarbenalmadena.com\/fr\/#\/schema\/logo\/image\/","url":"https:\/\/www.serramarbenalmadena.com\/wp-content\/uploads\/Logo-Serramar-01.png","contentUrl":"https:\/\/www.serramarbenalmadena.com\/wp-content\/uploads\/Logo-Serramar-01.png","width":754,"height":253,"caption":"Pensi\u00f3n Serramar"},"image":{"@id":"https:\/\/www.serramarbenalmadena.com\/fr\/#\/schema\/logo\/image\/"}}]}},"_links":{"self":[{"href":"https:\/\/www.serramarbenalmadena.com\/fr\/wp-json\/wp\/v2\/pages\/1123","targetHints":{"allow":["GET"]}}],"collection":[{"href":"https:\/\/www.serramarbenalmadena.com\/fr\/wp-json\/wp\/v2\/pages"}],"about":[{"href":"https:\/\/www.serramarbenalmadena.com\/fr\/wp-json\/wp\/v2\/types\/page"}],"author":[{"embeddable":true,"href":"https:\/\/www.serramarbenalmadena.com\/fr\/wp-json\/wp\/v2\/users\/6"}],"replies":[{"embeddable":true,"href":"https:\/\/www.serramarbenalmadena.com\/fr\/wp-json\/wp\/v2\/comments?post=1123"}],"version-history":[{"count":3,"href":"https:\/\/www.serramarbenalmadena.com\/fr\/wp-json\/wp\/v2\/pages\/1123\/revisions"}],"predecessor-version":[{"id":1168,"href":"https:\/\/www.serramarbenalmadena.com\/fr\/wp-json\/wp\/v2\/pages\/1123\/revisions\/1168"}],"wp:attachment":[{"href":"https:\/\/www.serramarbenalmadena.com\/fr\/wp-json\/wp\/v2\/media?parent=1123"}],"curies":[{"name":"wp","href":"https:\/\/api.w.org\/{rel}","templated":true}]}}